{"id":2958,"date":"2020-10-22T20:41:06","date_gmt":"2020-10-22T19:41:06","guid":{"rendered":"https:\/\/barcelonacerrajeros.es\/serrallers-canet-de-mar\/"},"modified":"2021-04-07T09:16:24","modified_gmt":"2021-04-07T08:16:24","slug":"serrallers-canet-de-mar","status":"publish","type":"page","link":"https:\/\/barcelonacerrajeros.es\/ca\/serrallers-canet-de-mar\/","title":{"rendered":"Serrallers Canet de Mar"},"content":{"rendered":"<p>Els <strong>serrallers a Canet de Mar<\/strong> s\u00f3n experts en els diversos assumptes de serralleria que els clients que viuen a Canet de Mar poden experimentar, sense distingir \u200b\u200bentre el sector residencial o b\u00e9 comercial . A m\u00e9s, cobrim una extensa selecci\u00f3 de serveis de serralleria per exemple substituci\u00f3 de panys,  instal\u00b7laci\u00f3 i reparaci\u00f3 de panys , substituci\u00f3 de claus, i una gran variaci\u00f3 de serveis m\u00e9s. El nostre equip de serrallers professionals s\u00f3n millors en el que fan i simult\u00e0niament professionals agra\u00efts amb el seu treball amb  els clients. Aix\u00f2 li garanteix que podem satisfer i solucionar seves problemes de seguretat i protecci\u00f3 juntament amb 1 acceptable viv\u00e8ncia amb el nostre servei de serralleria. <\/p>\n\n<p>Els panys s\u00f3n la primera l\u00ednia de  seguretat per sostenir casa protegida de indesitjables i persones no amigables. En el moment en qu\u00e8 requereixi serveis de un many\u00e0 a Canet de Mar, estem aqu\u00ed per assistir. La nostra prioritat \u00e9s donar-li a  el client una \u00e0mplia gamma de serveis de serralleria per a la seva propietat i serveis de serralleria per a la seva empresa. Si us plau, poseu-vos en contacte amb <strong>serrallers a Canet de Mar<\/strong> ara al 938.346.215 o ompli el formulari de contacte d&#8217;aquesta web. Som una companyia familiar i habitualment farem tot el que resulta possible per donar-li el servei m\u00e9s correcte a l&#8217;preu m\u00e9s accessible. Tant si requereix seguretat per la seva porta o b\u00e9 un procediment de seguretat que ve dins , com si busca una simple pany de emerg\u00e8ncia o necessita instal\u00b7lar un complex sistema d&#8217;intercomunicaci\u00f3, els nostres <em>serrallers a Canet de Mar<\/em> li ofereix el servei superior a el millor cost. La nostra companyia ha estat servint als clients durant m\u00e9s de 15 anys.  <strong>El nostre grup de serrallers professionals<\/strong>&nbsp;s&#8217;enorgulleix de servir a tots nostres amics i ve\u00efns de Canet de Mar, fins i tot tenim serveis a les comunitats d&#8217;al voltant. Al instant en que busqui &#8220;serrallers a prop meu&#8221; en qualsevol barri de Canet de Mar, pot estar segur que  serem la resposta m\u00e9s r\u00e0pida.<\/p>\n<p class=\"has-text-align-center\"><a class=\"btn-phone\" href=\"tel:938346215\" >Pots trucar a el tel\u00e8fon 938346215<\/a><\/p>\n<p> Som <strong>serrallers Canet de Mar barats<\/strong>. Mantenim un dip\u00f2sit al nostre centre a preu de cost. A causa als nostres prove\u00efdors especialitzats podem donar-li el millor preu de l&#8217;mercat. Els operaris serrallers de Canet de Mar s\u00f3n experts en la ind\u00fastria no nom\u00e9s pels anys que porten treballant en el mercat, sin\u00f3 per l&#8217;obstinaci\u00f3 diari que posen en la formaci\u00f3 constant. Aquesta il\u00b7lusi\u00f3 per millorar cada dia i anar experimentant \u00e9s el que ens permet ser cada vegada m\u00e9s contundents. La nostra meta \u00e9s complir amb la paraula donada. Ens comprometem a oferir 1 treball de qualitat, avalat per l&#8217;equip hum\u00e0 m\u00e9s avantguardista de Canet de Mar.<\/p>\n<h2>Som els millors serrallers a Canet de Mar<\/h2>\n<p><strong>Especialitzats en serveis de serralleria en Canet de Mar<\/strong> per clients residencials i corporatius, realitzem reempla\u00e7aments de panys, obertura de panys de emerg\u00e8ncia i tamb\u00e9 instal\u00b7lacions de panys. Nom\u00e9s <strong>treballem amb els m\u00e9s  professionals de la serralleria<\/strong>, garantint serveis de consulta i urg\u00e8ncia. Tant si requereix assessorament sobre un joc de panys electr\u00f2nics com una recomanaci\u00f3 per un pany de alta definici\u00f3, som el millor recurs a qu\u00e8 acudir. Si no pot accedir a casa, atendrem r\u00e0pidament la anomenada.<span style=\"vertical-align: inherit;\"><span style=\"vertical-align: inherit;\"> Som un servei complet de panys. Aix\u00f2 suposa que en el moment en qu\u00e8 necessiti substituir els seus panys despr\u00e9s un robatori. <strong>Estem accessibles 24 hores<\/strong> per reempla\u00e7ar els panys i ajudar a assegurar la seguretat de seva propietat contra  violacions.<\/span><\/span><\/p>\n<p><span style=\"vertical-align: inherit;\"><span style=\"vertical-align: inherit;\"><div class=\"su-gmap su-u-responsive-media-yes\"><iframe width=\"800\" height=\"400\" src=\"\/\/maps.google.com\/maps?q=Barcelona%2C%20%20Canet%20de%20Mar&amp;output=embed\" title=\"La nostra zona de treball en Canet de Mar\"><\/iframe><\/div><\/span><\/span><\/p>\n<p>Realitzem serveis a tota la zona de Canet de Mar. Pot <strong>trucar a serrallers Canet de Mar<\/strong> de dia o a la nit i podem portar de tornada a casa. Els propietaris de comer\u00e7os o d&#8217;una casa en Canet de Mar confien en nostres professionals quan requereixen solucionar dificultats de serralleria. <em>Oferim resultats r\u00e0pids, Fiables i econ\u00f2miques<\/em>, amb independ\u00e8ncia de la dificultat de l&#8217;tema. Truqui a Serrallers CANET DE MAR per als seus tancaments de urg\u00e8ncia O reparaci\u00f3 de serralleria i estarem aqu\u00ed per vost\u00e8  abans que es doni cuenta.Nuestros serrallers han estat entrenats a fons per fer serveis de serralleria sense provocar danys al seu pany o a la seva porta. El nostre prop\u00f2sit n\u00famero u en una situaci\u00f3 on hem de fer un servei, \u00e9s confirmar-nos que els nostres usuaris i la seva propietat estiguin segurs mentre que li proporcionen un servei el m\u00e9s velo\u00e7 viable. Els nostres serrallers Canet de Mar tenen la experi\u00e8ncia i utilitats per crear claus per a la seva marca o model de pany o autom\u00f2bil. Aconsegueixi serveis r\u00e0pids i fiables en el moment en qu\u00e8 truqui a l&#8217;93.834.62.15. Si es queda fora del seu casa, sempre pot tenir el servei de serralleria de Canet de Mar a fi que vingui a rescatar- amb una soluci\u00f3 r\u00e0pida. Sempre pot comunicar amb els nostres serrallers, els tancaments de seguretat s\u00f3n la nostra especialitat. Quan ens contactes, arribem en minuts. <\/p>\n<p>\u00c9s igual en qu\u00e8 part de Canet de Mar vives, sempre \u00e9s una bona idea tenir en compte la protecci\u00f3 de la casa. Si est\u00e0 pensant en fer millor la seguretat de casa, <strong>truqueu a serrallers a Canet de Mar<\/strong> avui. <\/p>\n<p>Brindem una extensa selecci\u00f3 de opcions d&#8217;instal\u00b7laci\u00f3 de panys per la casa que es s&#8217;adapten als seus  necessitats de seguretat. Tenim panys i forrellats d&#8217;extrema seguretat de els especials fabricants. Si vol mica m\u00e9s favorable que les claus, ens agrada disposar panys de seguretat avan\u00e7ades. A m\u00e9s tenim la possibilitat de refor\u00e7ar les panys de seguretat amb les millors configuracions de seguretat.<\/p>\n<p class=\"has-text-align-center\"><a class=\"btn-phone\" href=\"tel:938346215\" >Pots trucar a el tel\u00e8fon 938346215<\/a><\/p>\n<h2>Serrallers barats Canet de Mar<\/h2>\n<p>La nostra empresa de serralleria en Canet de Mar li d\u00f3na un servei econ\u00f2mic de serralleria completament \u00edntegre i la instal\u00b7laci\u00f3, reparaci\u00f3, reempla\u00e7ament i servei de tota mena de dispositius de tancament i la duplicaci\u00f3 de qualsevol classe de clau. Ens trobem llicenciats, assegurats i amb experi\u00e8ncia en la prestaci\u00f3 de serveis de serralleria d&#8217;alta definici\u00f3 a clients. <strong>Serveis de serralleria assequible a Canet de Mar<\/strong>, amb la nostra barreja de serveis experts i costos raonables, elements que ens transforma a la millor empresa de serralleria a la zona d&#8217;Canet de Mar per seves pretensions de panys i claus de emerg\u00e8ncia. Recordeu, en el moment en qu\u00e8 requereixi d&#8217; serrallers barats a Canet de Mar, residencials, automotrius i comercials fiables. Estem orgullosos de oferir els propers serveis de serralleria: Desbloqueig de emerg\u00e8ncia de habitatges. Reajustar panys. canvi de panys . Instal\u00b7laci\u00f3 i reparaci\u00f3 de portes, incloent sistemes de acc\u00e9s sense clau. Pany de correu i claus. Extracci\u00f3 de claus trencades i altres  serveis  m\u00e9s avan\u00e7ats. <\/p>\n<p>El millor de tot \u00e9s que realitzem <em>serveis de serralleria assequibles comparant les tarifes m\u00e9s econ\u00f2miques<\/em> de l&#8217;mercat.  Li donem una estimaci\u00f3  econ\u00f2mica de el preu final abans de comen\u00e7ar el servei i nom\u00e9s continuem si est\u00e0 acord amb el pressupost final. Un many\u00e0 d&#8217;Canet de Mar a m\u00e9s pot ajudar en el cas que 1 pany estigui trencada o si la clau es va partir dins pany. Els nostres t\u00e8cnics poden reparar o b\u00e9 substituir pany i procedir amb l&#8217;extracci\u00f3 de la clau trencada si \u00e9s necessari.<\/p>\n<p><img class=\"aligncenter\" src=\"https:\/\/barcelonacerrajeros.es\/wp-content\/uploads\/2020\/05\/cerrajeros-profesionales-24-horas-3.jpg\" alt=\"serrallers professionals Canet de Mar 24 hores\" width=\"417\" height=\"24\" title=\"\"><\/p>\n<h2>Serrallers urgents en Canet de Mar<\/h2>\n<p>La nostra companyia de serralleria ofereix serveis de serralleria de  emerg\u00e8ncia .Si requereixes de un many\u00e0 d&#8217;urg\u00e8ncia a prop de tu. Pots trobar a un many\u00e0 a Canet de Mar que estigui m\u00e9s prop a la teva llar i que estigui aprovat per el conveni de serrallers, si no pot ingressar a casa, va perdre les claus o necessita que li arreglin els panys de casa .Cerraduras trencades, claus perdudes i quedar-se tancat fora de casa s\u00f3n raons v\u00e0lides per dir que tens problemes. Truqui a la <strong>serralleria de urg\u00e8ncia a Canet de Mar<\/strong> per aconseguir serveis de serralleria d&#8217;urg\u00e8ncia. Oferim serveis de emerg\u00e8ncia les 24 hores del dia sense c\u00e0rrecs per trucades. El nostre many\u00e0 d&#8217;emerg\u00e8ncia, un professional a reparacions de seguretat protegir\u00e0 al seu llar a descansar segura, tenint en compte que serrallers Canet de Mar ha tornat a assegurar la seguretat del seu llar.<\/p>\n<p><span style=\"vertical-align: inherit;\"><span style=\"vertical-align: inherit;\">Si necessita obrir una porta quan el pany d\u00f3na problemes o necessita arranjaments per robatori el m\u00e9s aviat possible, truqui&#8217;ns. La nostra companyia amb serrallers professionals ofereix als seus clients un servei de serralleria d&#8217;urg\u00e8ncia les 24 hores del dia, en tota zona de Canet de Mar. Cobrim els tancaments residencials, comercials \/ \u00e0rees de treball i de vehicles. Si li han robat les claus o ha tingut un robatori a propietat, tenim la possibilitat de tallar les claus i recompondre algun mal. <strong>Serrallers Canet de Mar<\/strong> Arreglarem ja el pany o tornarem a garantir la seva propietat perqu\u00e8 tingui aquesta calma. Sempre portem les eines precises per la major part dels treballs i tamb\u00e9 intentem aconsellar sobre el manteniment de la serralleria. Els nostres serrallers residencials cobreixen tot Canet de Mar i tenim la possibilitat de aconsellar sobre la seva necessitat de panys de seguretat, panys de finestres o forrellats de pati per a la seva casa . <\/span><span style=\"vertical-align: inherit;\"><\/span><\/span><\/p>\n<p><span style=\"vertical-align: inherit;\"><span style=\"vertical-align: inherit;\">Si requereix un many\u00e0 d&#8217;urg\u00e8ncia 24 hores Com m\u00e9s aviat millor o 1 visita planejada per assistir amb qualsevol inconvenient de panys i claus, la ajuda est\u00e0 a la seva disposici\u00f3 els 365 dies de l&#8217;any.  \u00c9s possible que requereixi un pany per reparar o substituir, que tingui inconvenients amb una clau defectuosa o que simplement necessiti el acompanyament d&#8217;un many\u00e0 professional; Qualsevol que sigui la seva situaci\u00f3 d&#8217;avui, posse\u00efm el coneixement i la viv\u00e8ncia per tractar totes les consultes i hem brindat serveis a mida a una varietat de clients.<\/span><\/span><\/p>\n<h3>Serrallers en Canet de Mar 24 hores<\/h3>\n<p>Estem satisfets del nostre servei de 24 hores, ja que reconeixem que les urg\u00e8ncies de panys poden apar\u00e8ixer qualsevol ocasi\u00f3 del dia o de la nit i les persones meriten seguretat sempre que sigui possible. Per aix\u00f2 nostres <strong>serrallers de Canet de Mar estaran a la seva zona tan r\u00e0pid com resulti possible<\/strong>, capa\u00e7os de reparar i reempla\u00e7ar panys, d&#8217;aquesta manera com de suggerir suggeriments de seguretat per el futur. Som considerats una empresa l\u00edder i cre\u00efble gr\u00e0cies a la nostra alta qualitat d&#8217;atenci\u00f3 amb els usuaris.<\/p>\n<p><img src=\"https:\/\/barcelonacerrajeros.es\/wp-content\/uploads\/2020\/05\/cerrajeros-expertos-en-servicios-de-cerrajeria-33.jpg\" alt=\"serrallers barats a Canet de Mar\" title=\"\"><\/p>\n<p>Sabem el que es necessita per atorgar una resposta velo\u00e7 i solucions de qualitat: tal que aconsegueixi tenir un pany completament funcional en poc temps. Qualsevol persona que sigui la seva necessitat de serralleria, el nostre equip estar\u00e0 encantat d&#8217;ajudar. Ara no hi ha passar dies o nits tancat sense solucions, o simplement barallant amb un pany encallada; <strong>Serrallers 24 hores a Canet de Mar<\/strong> que est\u00e0 a m\u00e0 en el moment en qu\u00e8 es requereix i llest per donar serveis de alta definici\u00f3 a un ritme de resposta r\u00e0pida. <\/p>\n<p>No t&#8217;has de preocupar, ja que podem arreglar-ho. Sigui que sigui el teu tipus de pany, cap treball \u00e9s bastant gran o petit i ens trobem aqu\u00ed per assistir. A part de les reparacions de panys, serrallers Canet de Mar a m\u00e9s treballa amb panys de diferents materials, com portes compostes, finestres, portes de garatge i de metall.<\/p>\n<p>Si necessit\u00e9s una pe\u00e7a que no tingu\u00e9ssim emmagatzemada, ha con\u00e8ixer que tenim la nostra pr\u00f2pia flota de cotxes per aconseguir el material necessari. Aix\u00ed mateix, treballem en col\u00b7laboraci\u00f3 amb empreses de transport a nivell nacional i internacional per si es requereix una pe\u00e7a espec\u00edfica fabricada en estranger. els <strong>treballs de serrallers a Canet de Mar urgents<\/strong> tenen les mateixes seguretats que els serveis realitzats sense urg\u00e8ncia mentre l&#8217;horari comercial ordinari. Actuem d&#8217;acord amb llei. Tots els materials usats per un many\u00e0 24 hores Canet de Mar tenen el seu adequat certificat de garantia. Mantenim un negoci on responem habitualment aquells clients que es passen a informar-.<\/p>\n\n<div class=\"adsb30\" style=\" margin:12px; margin-left:0px; text-align:left\"><ul><li><a title=\"Serrallers Barcelona\" href=\"https:\/\/barcelonacerrajeros.es\/ca\">Barcelona<\/a><\/li>\r\n<li><a title=\"Serrallers Hospitalet de Llobregat\" href=\"https:\/\/barcelonacerrajeros.es\/hospitalet-de-llobregat\/\">Hospitalet de Llobregat<\/a><\/li><li><a title =\"Serraller Terrassa\" href =\"https:\/\/barcelonacerrajeros.es\/ca\/serrallers-terrassa\">Terrassa<\/a><\/li><li><a title =\"Serraller Badalona\" href = \"https:\/\/barcelonacerrajeros.es\/ca\/serrallers-badalona\/\">Badalona<\/a><\/li><li><a title=\"Serraller Sabadell\" href=\"https:\/\/barcelonacerrajeros.es\/ca\/serrallers-sabadell\">Sabadell<\/a><\/li ><li><a title=\"Serraller Matar\u00f3\" href=\"https:\/\/barcelonacerrajeros.es\/ca\/serrallers-mataro\">Matar\u00f3<\/a><\/li><\/ul><\/div>\n\n\n<div class=\"kk-star-ratings kksr-auto kksr-align-center kksr-valign-bottom kksr-disabled\"\n    data-payload='{&quot;align&quot;:&quot;center&quot;,&quot;id&quot;:&quot;2958&quot;,&quot;readonly&quot;:&quot;1&quot;,&quot;slug&quot;:&quot;default&quot;,&quot;valign&quot;:&quot;bottom&quot;,&quot;ignore&quot;:&quot;&quot;,&quot;reference&quot;:&quot;auto&quot;,&quot;class&quot;:&quot;&quot;,&quot;count&quot;:&quot;6&quot;,&quot;legendonly&quot;:&quot;&quot;,&quot;score&quot;:&quot;5&quot;,&quot;starsonly&quot;:&quot;&quot;,&quot;best&quot;:&quot;5&quot;,&quot;gap&quot;:&quot;4&quot;,&quot;greet&quot;:&quot;Vota este servicio&quot;,&quot;legend&quot;:&quot;5\\\/5 - (6 votes)&quot;,&quot;size&quot;:&quot;24&quot;,&quot;title&quot;:&quot;Serrallers Canet de Mar&quot;,&quot;width&quot;:&quot;138&quot;,&quot;_legend&quot;:&quot;{score}\\\/{best} - ({count} {votes})&quot;,&quot;font_factor&quot;:&quot;1.25&quot;}'>\n            \n<div class=\"kksr-stars\">\n    \n<div class=\"kksr-stars-inactive\">\n            <div class=\"kksr-star\" data-star=\"1\" style=\"padding-right: 4px\">\n            \n\n<div class=\"kksr-icon\" style=\"width: 24px; height: 24px;\"><\/div>\n        <\/div>\n            <div class=\"kksr-star\" data-star=\"2\" style=\"padding-right: 4px\">\n            \n\n<div class=\"kksr-icon\" style=\"width: 24px; height: 24px;\"><\/div>\n        <\/div>\n            <div class=\"kksr-star\" data-star=\"3\" style=\"padding-right: 4px\">\n            \n\n<div class=\"kksr-icon\" style=\"width: 24px; height: 24px;\"><\/div>\n        <\/div>\n            <div class=\"kksr-star\" data-star=\"4\" style=\"padding-right: 4px\">\n            \n\n<div class=\"kksr-icon\" style=\"width: 24px; height: 24px;\"><\/div>\n        <\/div>\n            <div class=\"kksr-star\" data-star=\"5\" style=\"padding-right: 4px\">\n            \n\n<div class=\"kksr-icon\" style=\"width: 24px; height: 24px;\"><\/div>\n        <\/div>\n    <\/div>\n    \n<div class=\"kksr-stars-active\" style=\"width: 138px;\">\n            <div class=\"kksr-star\" style=\"padding-right: 4px\">\n            \n\n<div class=\"kksr-icon\" style=\"width: 24px; height: 24px;\"><\/div>\n        <\/div>\n            <div class=\"kksr-star\" style=\"padding-right: 4px\">\n            \n\n<div class=\"kksr-icon\" style=\"width: 24px; height: 24px;\"><\/div>\n        <\/div>\n            <div class=\"kksr-star\" style=\"padding-right: 4px\">\n            \n\n<div class=\"kksr-icon\" style=\"width: 24px; height: 24px;\"><\/div>\n        <\/div>\n            <div class=\"kksr-star\" style=\"padding-right: 4px\">\n            \n\n<div class=\"kksr-icon\" style=\"width: 24px; height: 24px;\"><\/div>\n        <\/div>\n            <div class=\"kksr-star\" style=\"padding-right: 4px\">\n            \n\n<div class=\"kksr-icon\" style=\"width: 24px; height: 24px;\"><\/div>\n        <\/div>\n    <\/div>\n<\/div>\n                \n\n<div class=\"kksr-legend\" style=\"font-size: 19.2px;\">\n            5\/5 - (6 votes)    <\/div>\n    <\/div>\n","protected":false},"excerpt":{"rendered":"<p>Els serrallers a Canet de Mar s\u00f3n experts en els diversos assumptes de serralleria que els clients que viuen a Canet de Mar poden experimentar, sense distingir \u200b\u200bentre el sector residencial o b\u00e9 comercial . A m\u00e9s, cobrim una extensa selecci\u00f3 de serveis de serralleria per exemple substituci\u00f3 de panys, instal\u00b7laci\u00f3 i reparaci\u00f3 de panys , substituci\u00f3 de claus, i una gran variaci\u00f3 de serveis m\u00e9s. El nostre equip de serrallers professionals s\u00f3n millors en el que fan i simult\u00e0niament professionals agra\u00efts amb el seu treball amb els clients. Aix\u00f2 li garanteix que podem satisfer i solucionar seves problemes de <\/p>\n","protected":false},"author":1,"featured_media":0,"parent":0,"menu_order":0,"comment_status":"closed","ping_status":"closed","template":"","meta":{"footnotes":""},"class_list":["post-2958","page","type-page","status-publish","hentry"],"_links":{"self":[{"href":"https:\/\/barcelonacerrajeros.es\/ca\/wp-json\/wp\/v2\/pages\/2958","targetHints":{"allow":["GET"]}}],"collection":[{"href":"https:\/\/barcelonacerrajeros.es\/ca\/wp-json\/wp\/v2\/pages"}],"about":[{"href":"https:\/\/barcelonacerrajeros.es\/ca\/wp-json\/wp\/v2\/types\/page"}],"author":[{"embeddable":true,"href":"https:\/\/barcelonacerrajeros.es\/ca\/wp-json\/wp\/v2\/users\/1"}],"replies":[{"embeddable":true,"href":"https:\/\/barcelonacerrajeros.es\/ca\/wp-json\/wp\/v2\/comments?post=2958"}],"version-history":[{"count":2,"href":"https:\/\/barcelonacerrajeros.es\/ca\/wp-json\/wp\/v2\/pages\/2958\/revisions"}],"predecessor-version":[{"id":3391,"href":"https:\/\/barcelonacerrajeros.es\/ca\/wp-json\/wp\/v2\/pages\/2958\/revisions\/3391"}],"wp:attachment":[{"href":"https:\/\/barcelonacerrajeros.es\/ca\/wp-json\/wp\/v2\/media?parent=2958"}],"curies":[{"name":"wp","href":"https:\/\/api.w.org\/{rel}","templated":true}]}}