{"id":2961,"date":"2020-10-22T20:41:07","date_gmt":"2020-10-22T19:41:07","guid":{"rendered":"https:\/\/barcelonacerrajeros.es\/serrallers-canovelles\/"},"modified":"2021-04-07T09:16:24","modified_gmt":"2021-04-07T08:16:24","slug":"serrallers-canovelles","status":"publish","type":"page","link":"https:\/\/barcelonacerrajeros.es\/ca\/serrallers-canovelles\/","title":{"rendered":"Serrallers Canovelles"},"content":{"rendered":"<p><strong>Serrallers Canovelles<\/strong> \u00e9s una companyia de serralleria que proporciona  seus serveis a Canovelles.  Tenim la seguretat de tenir disponible a un many\u00e0 a Canovelles a gaireb\u00e9 20 minuts a prop de la seva propietat. Considerem que proporcionar un servei de bona qualitat \u00e9s important per un bon tracte amb nostres clients. Les hores tardanes i les condicions clim\u00e0tiques mai s\u00f3n un obstacle per a nostres serrallers, proporcionar els serveis  que necessita, \u00e9s la nostra obligaci\u00f3 com <em>serrallers experts<\/em>. El nostre equip de professionals en serralleria, li d\u00f3na total import\u00e0ncia a la satisfacci\u00f3 de els clients ia capacitar els serrallers, \u00e9s per aix\u00f2 que comptem amb <strong>millors serrallers de Canovelles<\/strong>, professionals preparats i amb experi\u00e8ncia, prove\u00efts amb les eines imprescindibles i un equip adequat per realitzar 1 servei de bona qualitat, oferint com conseq\u00fc\u00e8ncia   una soluci\u00f3 per als clients.<\/p>\n\n<p>En Serrallers Canovelles posse\u00efm la viv\u00e8ncia per assistir amb tots els seus requeriments, ara sigui un treball b\u00e0sic o un de complex, estarem-hi per assistir. Si us plau, poseu-vos en contacte amb <strong>serrallers a Canovelles<\/strong> ara al 938.346.215 o ompli el formulari de contacte d&#8217;la p\u00e0gina web. Som una empresa prestigiosa i sempre farem tot el que \u00e9s possible per donar-li el servei m\u00e9s correcte a l&#8217;cost m\u00e9s assequible. Tant si requereix elements de seguretat per la porta o b\u00e9 un pany de seguretat integrat, com si busca una f\u00e0cil pany de emerg\u00e8ncia o requereix disposar un complex sistema d&#8217;intercomunicaci\u00f3, els nostres <em>serrallers a Canovelles<\/em> li d\u00f3na el millor servei a el millor preu.  <strong>La nostra empresa de serrallers professionals<\/strong>&nbsp;es complau de ser \u00fatil a tots nostres ve\u00efns de Canovelles, tamb\u00e9 donem serveis a les comunitats ve\u00efnes. Quan vulgui buscar &#8220;serrallers a prop meu&#8221; en qualsevol lloc de Canovelles, pot estar segur que nosaltres  serem la resposta m\u00e9s professional.<\/p>\n<p class=\"has-text-align-center\"><a class=\"btn-phone\" href=\"tel:938346215\" >Flama ja a el tel\u00e8fon 938346215<\/a><\/p>\n<h2>Som els millors serrallers a Canovelles<\/h2>\n<p>Serrallers Canovelles ofereix serveis a clients residencials i corporatius a \u00e0rea de Canovelles Oferim 1 \u00e0mplia diversitat de procediments, panys de alta seguretat, sistemes de control d&#8217;acc\u00e9s, panys electr\u00f2nics, panys comercials, manetes de portes, intercomunicadors i sistemes de seguretat avan\u00e7ats, tots de la m\u00e9s alta qualitat, els m\u00e9s prestigiosos desenvolupadors de la serralleria, com els nostres serveis poden oferir cabuda a gaireb\u00e9 qualsevol tema relacionat amb el pany \/ porta.<span style=\"vertical-align: inherit;\"><span style=\"vertical-align: inherit;\"><\/span><\/span><\/p>\n<p>Entre els serveis  m\u00e9s habituals que ens arriben \u00e9s per al servei de obertura de llars. A vegades, un client deixar les claus dins l&#8217;habitatge. En altres ocasions les claus es perden, i no poden entrar a l&#8217;habitatge. En tot cas, estem aqu\u00ed per assistir. Truqui&#8217;ns en qualsevol moment les 24 hores del dia, 7 dies per setmana per a la seva urg\u00e8ncia de obertura de habitatge. Sempre tenim a alg\u00fa de gu\u00e0rdia per contribuir a algun hora del dia o de la nit, els \u00faltims dies de la setmana i els dies festius. Arribarem r\u00e0pidament, aix\u00ed que no ha preocupar.  Som un servei \u00edntegre de panys. Aix\u00f2 suposa que quan necessiti reempla\u00e7ar els seus panys despr\u00e9s un robatori. <strong>Ens trobem disponibles en qualsevol moment<\/strong> per reempla\u00e7ar els panys i ajudar a assegurar la fiabilitat de casa contra  intrusions.<\/p>\n<p><span style=\"vertical-align: inherit;\"><span style=\"vertical-align: inherit;\"><div class=\"su-gmap su-u-responsive-media-yes\"><iframe width=\"800\" height=\"400\" src=\"\/\/maps.google.com\/maps?q=Barcelona%2C%20%20Canovelles&amp;output=embed\" title=\"La nostra zona de treball en Canovelles\"><\/iframe><\/div><\/span><\/span><\/p>\n<p><strong>Prestem serveis a tota la regi\u00f3 de CANOVELLES<\/strong>. Pot trucar a serrallers Canovelles de dia o de nit i tenim la possibilitat de portar de tornada a casa. Els amos de comer\u00e7os o habitatges quan  necessiten resoldre dificultats que tenen relaci\u00f3 amb la serralleria. Oferim solucions velo\u00e7os, fiables i a un bon preu, independentment de la dificultat de l&#8217;assumpte. Truqui a Serrallers Canovelles per als seus tancaments de urg\u00e8ncia O reparaci\u00f3 de serralleria i estarem aqu\u00ed per vost\u00e8  abans que es doni compte. Els serrallers de la nostra companyia van ser entrenats intensament per realitzar serveis de serralleria sense provocar danys al seu pany o a la seva porta.<\/p>\n<p>El nostre prop\u00f2sit n\u00famero u en una situaci\u00f3 on hem realitzar un servei, \u00e9s assegurar-nos que els nostres usuaris i la seva propietat estiguin segurs mentre li ofereixen un servei el m\u00e9s r\u00e0pid viable. Li han tancat la porta de casa o b\u00e9 apartament? \u00bfRequereix una clau de recanvi per a casa? \u00bfVol mudar els seus panys? Truqui&#8217;ns ara a l&#8217; 93 83 46.215 per una cita gratu\u00efta i que el treball sigui manejat per un dels nostres serrallers professionals a Canovelles.<\/p>\n<p>No importa exactament en qu\u00e8 part de Canovelles vives, sempre \u00e9s una bona idea prendre en compte la seguretat de la casa. Si est\u00e0 pensant en fer millor la seguretat de casa seva, <strong>truqueu a serrallers a Canovelles<\/strong> avui.<\/p>\n<p>Oferim una \u00e0mplia gamma de configuracions d&#8217;instal\u00b7laci\u00f3 de panys per casa que es s&#8217;ajusten als seus requeriments de seguretat. Tenim panys i forrellats d&#8217;extrema seguretat de millors fabricants. Si voleu mica m\u00e9s favorable que les claus, ens agrada disposar panys digitals. Tamb\u00e9 tenim la possibilitat de refor\u00e7ar les panys de seguretat amb les m\u00e9s avan\u00e7ades configuracions de seguretat.<\/p>\n<p class=\"has-text-align-center\"><a class=\"btn-phone\" href=\"tel:938346215\" >Pots trucar a el tel\u00e8fon 938346215<\/a><\/p>\n<h2>Serrallers barats Canovelles<\/h2>\n<p>La nostra empresa de serralleria en Canovelles li ofereix un servei barat de serralleria completament irreprotxable i la instal\u00b7laci\u00f3, reparaci\u00f3, reempla\u00e7ament i servei de tota mena de eines de tancament i la duplicaci\u00f3 de qualsevol classe de clau. Ens trobem llicenciats, assegurats i amb viv\u00e8ncia en la prestaci\u00f3 de serveis de serralleria d&#8217;alta definici\u00f3 a usuaris. <strong>Serveis de serralleria assequible a Canovelles<\/strong>, amb la nostra combinaci\u00f3 de serveis experts i preus econ\u00f2mics, elements que ens transforma a la millor opci\u00f3 a la zona d&#8217;Canovelles per seves pretensions de panys i claus de urg\u00e8ncia. Recordeu, quan busqui serrallers barats a Canovelles, residencials, automotrius i comercials fiables. Estem orgullosos de prestar els propers serveis de serralleria: Desbloqueig de urg\u00e8ncia de cases. Reajustar panys. canvi de panys de portes . Instal\u00b7laci\u00f3 i reparaci\u00f3 de panys, introduint sistemes de acc\u00e9s sense clau. Pany de correu i claus. Alliberament de claus trencades i  serveis de serralleria  m\u00e9s avan\u00e7ats.<\/p>\n<p>Li proporcionem una estimaci\u00f3  de el preu final abans de comen\u00e7ar el treball i nom\u00e9s procedim si est\u00e0 d&#8217;acord amb el pressupost final. Un many\u00e0 d&#8217;Canovelles tamb\u00e9 pot assistir en el cas que  seva pany estigui trencada o si la clau es va partir dins pany. Els nostres professionals tenen la possibilitat de recompondre o b\u00e9 substituir pany i realitzar l&#8217;extracci\u00f3 de la clau trencada si se sol\u00b7licita.<\/p>\n<p><img class=\"aligncenter\" src=\"https:\/\/barcelonacerrajeros.es\/wp-content\/uploads\/2020\/05\/cerrajeros-profesionales-24-horas-43.jpg\" alt=\"serrallers professionals Canovelles 24 hores\" width=\"417\" height=\"24\" title=\"\"><\/p>\n<h2>Serrallers urgents en Canovelles<\/h2>\n<p>Els nostres professionals en serveis de serralleria ofereixen serveis de serralleria de  emerg\u00e8ncia .Si necessites un many\u00e0 d&#8217;emerg\u00e8ncia a prop de tu. Pots trobar a un many\u00e0 disponible a Canovelles que estigui m\u00e9s prop a la teva \u00e0rea i que estigui aprovat per l&#8217;associaci\u00f3 de professionals en serralleria, si no pot entrar a la seva llar, va perdre seves claus o b\u00e9 necessita que li arreglin els panys de seva llar .Cerraduras trencades, claus perdudes i quedar-se tancat fora de casa s\u00f3n causes v\u00e0lides per entrar en p\u00e0nic. Truqui a la <strong>serralleria de emerg\u00e8ncia a Canovelles<\/strong> per obtenir serveis de serralleria d&#8217;urg\u00e8ncia. Oferim serveis de emerg\u00e8ncia les 24 hores del dia sense c\u00e0rrecs per trucades. Tenim disponible a un many\u00e0 d&#8217;emerg\u00e8ncia, un professional a instal\u00b7lacions de seguretat protegir\u00e0 al seu llar a dormir segura, tenint en compte que serrallers Canovelles tornar a garantir la seguretat del seu casa.<\/p>\n<p><span style=\"vertical-align: inherit;\"><span style=\"vertical-align: inherit;\">Si requereix obrir una porta quan el pany d\u00f3na problemes o necessita reparacions per robatori el m\u00e9s aviat, truqui&#8217;ns. La nostra empresa amb serrallers professionals ofereix als seus usuaris un servei de <strong>serralleria d&#8217;emerg\u00e8ncia les 24 hores del dia, en tota zona de Canovelles<\/strong>. Cobrim els tancaments residencials, comercials \/ \u00e0rees de treball i de vehicles. Si li han robat les claus o va tenir un robatori a propietat, podem tallar les claus i recompondre qualsevol malament. Serrallers Canovelles proveir\u00e0 a nostres clients un servei de qualitat a algun hora del dia o de la nit, si  est\u00e0 tancat dins de la seva casa, acte o negoci i requereix entrar, si els seus claus han estat robades i la propietat necessita reempla\u00e7ar els panys, els panys que van ser danyades en un intent de ruptura o inclusivament si la seva caixa forta ha fallat i requereix ingressar en l&#8217;instant.  Sempre portem les eines precises per la major part dels treballs i procurem aconsellar sobre la manera de tenir cura dels elements de serralleria.&nbsp;<\/span><span style=\"vertical-align: inherit;\"><\/span><\/span><\/p>\n<p>Els nostres serrallers urgents cobreixen tot Canovelles i podem recomanar sobre la seva necessitat de panys de seguretat, panys de finestres o forrellats de pati per a la seva propietat, tenim la possibilitat de reempla\u00e7ar els seus panys i potser disminuir les seves claus a nom\u00e9s una clau per a tota la seva propietat. Si necessita un many\u00e0 d&#8217;emerg\u00e8ncia 24 hores el m\u00e9s aviat o 1 cita pr\u00e8via per assistir amb algun problema de panys i claus, la assist\u00e8ncia est\u00e0 a la seva disposici\u00f3 els 365 dies de l&#8217;any.<\/p>\n<h3>Serrallers en Canovelles 24 hores<\/h3>\n<p>Ens sentim orgullosos de el servei de 24 hores que oferim, ja que reconeixem que les urg\u00e8ncies de panys tenen la possibilitat de apar\u00e8ixer qualsevol ocasi\u00f3 del dia o de la nit i les persones meriten seguretat sempre que sigui possible. Per aix\u00f2 nostres <strong>serrallers de Canovelles estaran a la seva zona tan r\u00e0pid com sigui possible<\/strong>, capa\u00e7os de reparar i substituir panys, d&#8217;aquesta manera com de oferir consells de seguretat per el futur. Som considerats una companyia l\u00edder i cre\u00efble gr\u00e0cies a nostre alt nivell d&#8217;atenci\u00f3 amb els clients.<\/p>\n<p><img src=\"https:\/\/barcelonacerrajeros.es\/wp-content\/uploads\/2020\/05\/cerrajeros-expertos-en-servicios-de-cerrajeria-55.jpg\" alt=\"serrallers barats a Canovelles\" title=\"\"><\/p>\n<p>Entenem el que es necessita per atorgar una resposta r\u00e0pida i una soluci\u00f3 de qualitat: perqu\u00e8 pugui tenir un pany totalment servible en breu. Qualsevol persona que sigui la seva necessitat de serralleria, el nostre equip estar\u00e0 content d&#8217;ajudar. Ja no necessita passar dies o nits tancat sense resolucions, o senzillament lluitant amb un pany bloquejada; <strong>Serrallers 24 hores a Canovelles<\/strong> que est\u00e0 a m\u00e0 quan es requereix i llest per lliurar reparacions de alta definici\u00f3 a un ritme de resposta r\u00e0pida.<\/p>\n<p>No desesperis, ja que podem arreglar-ho. Sigui com sigui el teu g\u00e8nere de pany, cap treball \u00e9s massa gran o petit i ens trobem aqu\u00ed per assistir. M\u00e9s de les reparacions de panys, serrallers Canovelles tamb\u00e9 treballa amb panys de diversos materials, com portes compostes, finestres, portes de garatge i de metall.<\/p>\n<p>Si necessit\u00e9s un material que no tingu\u00e9ssim exist\u00e8ncies, ha con\u00e8ixer que mantenim la nostra pr\u00f2pia flota de vehicles per aconseguir el material indispensable. Tamb\u00e9, treballem en contribuci\u00f3 amb empreses de ports a nivell nacional i internacional per si es requereix una pe\u00e7a concreta fabricada en exterior. els <strong>serveis de serrallers a Canovelles urgents<\/strong> tenen les mateixes seguretats que els treballs realitzats sense urg\u00e8ncia durant l&#8217;horari comercial ordinari. Actuem d&#8217;acord amb llei. Tots les mat\u00e8ries primeres usats per un many\u00e0 24h CANOVELLES tenen el seu adequat certificat de aval. Mantenim un local on responem habitualment aquells usuaris que es passen a informar-.<\/p>\n\n<div class=\"adsb30\" style=\" margin:12px; margin-left:0px; text-align:left\"><ul><li><a title=\"Serrallers Barcelona\" href=\"https:\/\/barcelonacerrajeros.es\/ca\">Barcelona<\/a><\/li>\r\n<li><a title=\"Serrallers Hospitalet de Llobregat\" href=\"https:\/\/barcelonacerrajeros.es\/hospitalet-de-llobregat\/\">Hospitalet de Llobregat<\/a><\/li><li><a title =\"Serraller Terrassa\" href =\"https:\/\/barcelonacerrajeros.es\/ca\/serrallers-terrassa\">Terrassa<\/a><\/li><li><a title =\"Serraller Badalona\" href = \"https:\/\/barcelonacerrajeros.es\/ca\/serrallers-badalona\/\">Badalona<\/a><\/li><li><a title=\"Serraller Sabadell\" href=\"https:\/\/barcelonacerrajeros.es\/ca\/serrallers-sabadell\">Sabadell<\/a><\/li ><li><a title=\"Serraller Matar\u00f3\" href=\"https:\/\/barcelonacerrajeros.es\/ca\/serrallers-mataro\">Matar\u00f3<\/a><\/li><\/ul><\/div>\n\n\n<div class=\"kk-star-ratings kksr-auto kksr-align-center kksr-valign-bottom kksr-disabled\"\n    data-payload='{&quot;align&quot;:&quot;center&quot;,&quot;id&quot;:&quot;2961&quot;,&quot;readonly&quot;:&quot;1&quot;,&quot;slug&quot;:&quot;default&quot;,&quot;valign&quot;:&quot;bottom&quot;,&quot;ignore&quot;:&quot;&quot;,&quot;reference&quot;:&quot;auto&quot;,&quot;class&quot;:&quot;&quot;,&quot;count&quot;:&quot;8&quot;,&quot;legendonly&quot;:&quot;&quot;,&quot;score&quot;:&quot;4.9&quot;,&quot;starsonly&quot;:&quot;&quot;,&quot;best&quot;:&quot;5&quot;,&quot;gap&quot;:&quot;4&quot;,&quot;greet&quot;:&quot;Vota este servicio&quot;,&quot;legend&quot;:&quot;4.9\\\/5 - (8 votes)&quot;,&quot;size&quot;:&quot;24&quot;,&quot;title&quot;:&quot;Serrallers Canovelles&quot;,&quot;width&quot;:&quot;135.2&quot;,&quot;_legend&quot;:&quot;{score}\\\/{best} - ({count} {votes})&quot;,&quot;font_factor&quot;:&quot;1.25&quot;}'>\n            \n<div class=\"kksr-stars\">\n    \n<div class=\"kksr-stars-inactive\">\n            <div class=\"kksr-star\" data-star=\"1\" style=\"padding-right: 4px\">\n            \n\n<div class=\"kksr-icon\" style=\"width: 24px; height: 24px;\"><\/div>\n        <\/div>\n            <div class=\"kksr-star\" data-star=\"2\" style=\"padding-right: 4px\">\n            \n\n<div class=\"kksr-icon\" style=\"width: 24px; height: 24px;\"><\/div>\n        <\/div>\n            <div class=\"kksr-star\" data-star=\"3\" style=\"padding-right: 4px\">\n            \n\n<div class=\"kksr-icon\" style=\"width: 24px; height: 24px;\"><\/div>\n        <\/div>\n            <div class=\"kksr-star\" data-star=\"4\" style=\"padding-right: 4px\">\n            \n\n<div class=\"kksr-icon\" style=\"width: 24px; height: 24px;\"><\/div>\n        <\/div>\n            <div class=\"kksr-star\" data-star=\"5\" style=\"padding-right: 4px\">\n            \n\n<div class=\"kksr-icon\" style=\"width: 24px; height: 24px;\"><\/div>\n        <\/div>\n    <\/div>\n    \n<div class=\"kksr-stars-active\" style=\"width: 135.2px;\">\n            <div class=\"kksr-star\" style=\"padding-right: 4px\">\n            \n\n<div class=\"kksr-icon\" style=\"width: 24px; height: 24px;\"><\/div>\n        <\/div>\n            <div class=\"kksr-star\" style=\"padding-right: 4px\">\n            \n\n<div class=\"kksr-icon\" style=\"width: 24px; height: 24px;\"><\/div>\n        <\/div>\n            <div class=\"kksr-star\" style=\"padding-right: 4px\">\n            \n\n<div class=\"kksr-icon\" style=\"width: 24px; height: 24px;\"><\/div>\n        <\/div>\n            <div class=\"kksr-star\" style=\"padding-right: 4px\">\n            \n\n<div class=\"kksr-icon\" style=\"width: 24px; height: 24px;\"><\/div>\n        <\/div>\n            <div class=\"kksr-star\" style=\"padding-right: 4px\">\n            \n\n<div class=\"kksr-icon\" style=\"width: 24px; height: 24px;\"><\/div>\n        <\/div>\n    <\/div>\n<\/div>\n                \n\n<div class=\"kksr-legend\" style=\"font-size: 19.2px;\">\n            4.9\/5 - (8 votes)    <\/div>\n    <\/div>\n","protected":false},"excerpt":{"rendered":"<p>Serrallers Canovelles \u00e9s una companyia de serralleria que proporciona seus serveis a Canovelles. Tenim la seguretat de tenir disponible a un many\u00e0 a Canovelles a gaireb\u00e9 20 minuts a prop de la seva propietat. Considerem que proporcionar un servei de bona qualitat \u00e9s important per un bon tracte amb nostres clients. Les hores tardanes i les condicions clim\u00e0tiques mai s\u00f3n un obstacle per a nostres serrallers, proporcionar els serveis que necessita, \u00e9s la nostra obligaci\u00f3 com serrallers experts. El nostre equip de professionals en serralleria, li d\u00f3na total import\u00e0ncia a la satisfacci\u00f3 de els clients ia capacitar els serrallers, \u00e9s <\/p>\n","protected":false},"author":1,"featured_media":0,"parent":0,"menu_order":0,"comment_status":"closed","ping_status":"closed","template":"","meta":{"footnotes":""},"class_list":["post-2961","page","type-page","status-publish","hentry"],"_links":{"self":[{"href":"https:\/\/barcelonacerrajeros.es\/ca\/wp-json\/wp\/v2\/pages\/2961","targetHints":{"allow":["GET"]}}],"collection":[{"href":"https:\/\/barcelonacerrajeros.es\/ca\/wp-json\/wp\/v2\/pages"}],"about":[{"href":"https:\/\/barcelonacerrajeros.es\/ca\/wp-json\/wp\/v2\/types\/page"}],"author":[{"embeddable":true,"href":"https:\/\/barcelonacerrajeros.es\/ca\/wp-json\/wp\/v2\/users\/1"}],"replies":[{"embeddable":true,"href":"https:\/\/barcelonacerrajeros.es\/ca\/wp-json\/wp\/v2\/comments?post=2961"}],"version-history":[{"count":3,"href":"https:\/\/barcelonacerrajeros.es\/ca\/wp-json\/wp\/v2\/pages\/2961\/revisions"}],"predecessor-version":[{"id":3392,"href":"https:\/\/barcelonacerrajeros.es\/ca\/wp-json\/wp\/v2\/pages\/2961\/revisions\/3392"}],"wp:attachment":[{"href":"https:\/\/barcelonacerrajeros.es\/ca\/wp-json\/wp\/v2\/media?parent=2961"}],"curies":[{"name":"wp","href":"https:\/\/api.w.org\/{rel}","templated":true}]}}