{"id":3078,"date":"2020-10-22T20:41:37","date_gmt":"2020-10-22T19:41:37","guid":{"rendered":"https:\/\/barcelonacerrajeros.es\/serrallers-sant-feliu-de-llobregat\/"},"modified":"2021-04-07T09:16:27","modified_gmt":"2021-04-07T08:16:27","slug":"serrallers-sant-feliu-de-llobregat","status":"publish","type":"page","link":"https:\/\/barcelonacerrajeros.es\/ca\/serrallers-sant-feliu-de-llobregat\/","title":{"rendered":"Serrallers Sant Feliu de Llobregat"},"content":{"rendered":"<p><strong>Serrallers Sant Feliu de Llobregat<\/strong> \u00e9s una empresa de serralleria que realitza  serveis a Sant Feliu de Llobregat.  Si contacta amb nosaltres podr\u00e0 tenir disponible a un many\u00e0 a Sant Feliu de Llobregat a gaireb\u00e9 20 minuts a prop de casa seva. Pensem que realitzar un servei d&#8217;una excel\u00b7lent qualitat \u00e9s important per un bon tracte amb nostres clients. Les hores tardanes i les condicions clim\u00e0tiques mai s\u00f3n un obstacle per a nostres serrallers, proporcionar el servei que requereix, \u00e9s el nostre deure com <em>serrallers professionals<\/em>. La nostra empresa de professionals en serralleria, li d\u00f3na total import\u00e0ncia a el benestar de nostres clients ia capacitar nostres serrallers, \u00e9s per aix\u00f2 que disposem de <strong>millors serrallers de Sant Feliu de Llobregat<\/strong>, professionals capacitats i amb experi\u00e8ncia, totalment equipats amb les eines necess\u00e0ries i un equip adequat per oferir 1 servei de gran qualitat, donant  una soluci\u00f3 per als clients.<\/p>\n\n<p>En Serrallers Sant Feliu de Llobregat tenim la experi\u00e8ncia per ajudar amb seus requeriments, ara sigui un treball b\u00e0sic o b\u00e9 un de complex, estarem-hi per assistir. Si us plau, poseu-vos en contacte amb <strong>serrallers a Sant Feliu de Llobregat<\/strong> ara al 938.346.215 o ompli el formulari de contacte d&#8217;aquesta web. Som una companyia amb anys a la serralleria i constantment farem tot el que resulta possible per donar-li el servei m\u00e9s correcte a l&#8217;cost m\u00e9s assequible. Tant si necessita elements de seguretat per la porta o un pany de seguretat que ve dins , com si busca una f\u00e0cil pany de urg\u00e8ncia o requereix disposar un complex sistema d&#8217;intercomunicaci\u00f3, els nostres <em>serrallers a Sant Feliu de Llobregat<\/em> li ofereix el servei superior a el millor preu.  <strong>La nostra companyia de serrallers experts<\/strong>&nbsp;s&#8217;enorgulleix de ser \u00fatil a tots nostres amics i ve\u00efns de Sant Feliu de Llobregat, fins i tot tenim serveis a les comunitats properes. Al instant en que busqui &#8220;serrallers a prop meu&#8221; en qualsevol lloc de Sant Feliu de Llobregat, pot comptar que nosaltres  serem la soluci\u00f3 m\u00e9s r\u00e0pida.<\/p>\n<p class=\"has-text-align-center\"><a class=\"btn-phone\" href=\"tel:938346215\" >Pots trucar a el tel\u00e8fon 938346215<\/a><\/p>\n<p> Els <em>serrallers de Sant Feliu de Llobregat<\/em> s\u00f3n t\u00e8cnics professionals amb experi\u00e8ncia. Estan altament capacitats per assistir tot tipus de emerg\u00e8ncies relacionades amb bombetes, portes i persianes. Tenim un servei vint hores per atendre&#8217;l amb immediatesa sense importar el moment ni l&#8217;hora en qu\u00e8 ens necessiti. La nostra flota de cotxes ens permet acudir amb la m\u00e0xima velocitat. No li farem perdre el seu esc\u00e0s temps. Durem el indispensable per realitzar un treball ben fet en un sol despla\u00e7ament. Portem un cotxe equipat amb peces de primera i amb les \u00faltimes eines aparegudes en el mercat,<\/p>\n<h2>Som els millors serrallers a Sant Feliu de Llobregat<\/h2>\n<p>Serrallers Sant Feliu de Llobregat d\u00f3na serveis a usuaris residencials i empresarials a la zona de Sant Feliu de Llobregat Brindem 1 extensa diversitat de procediments, panys de seguretat, sistemes de control d&#8217;ingr\u00e9s, panys electr\u00f2nics, panys comercials, manetes de portes, intercomunicadors i sistemes de seguretat avan\u00e7ats, tots de la millor qualitat possible, els m\u00e9s prestigiosos fabricants de la ind\u00fastria, Mentre que els nostres serveis tenen la possibilitat de donar cabuda a pr\u00e0cticament qualsevol tema relacionat amb el pany \/ porta.<span style=\"vertical-align: inherit;\"><span style=\"vertical-align: inherit;\"> Som un servei \u00edntegre de panys. Aix\u00f2 suposa que en el moment en qu\u00e8 necessiti substituir els seus panys despr\u00e9s un robatori. <strong>Estem accessibles 24\/7<\/strong> per reempla\u00e7ar els panys i ajudar a assegurar la fiabilitat de casa contra m\u00e9s  robatoris.<\/span><\/span><\/p>\n<p><span style=\"vertical-align: inherit;\"><span style=\"vertical-align: inherit;\"><div class=\"su-gmap su-u-responsive-media-yes\"><iframe width=\"800\" height=\"400\" src=\"\/\/maps.google.com\/maps?q=Barcelona%2C%20%20Sant%20Feliu%20de%20Llobregat&amp;output=embed\" title=\"La nostra zona de treball en Sant Feliu de Llobregat\"><\/iframe><\/div><\/span><\/span><\/p>\n<p><strong>Prestem serveis a tota la zona de SANT FELIU DE LLOBREGAT<\/strong>. Pot trucar a serrallers Sant Feliu de Llobregat de dia o a la nit i tenim la possibilitat de portar de tornada a casa. Els amos de comer\u00e7os o els nostres serveis quan  necessiten resoldre dificultats de serralleria. Oferim resultats velo\u00e7os, fiables i a un bon preu, independentment de la contrarietat de l&#8217;assumpte. Truqui a Serrallers Sant Feliu de Llobregat per als seus tancaments de emerg\u00e8ncia o reparaci\u00f3 de serralleria i estarem aqu\u00ed per  abans que es doni compte. Els serrallers de la nostra companyia van ser entrenats intensament per realitzar serveis de serralleria sense provocar danys al seu pany o a la seva porta.<\/p>\n<p>El nostre objectiu n\u00famero u en una situaci\u00f3 on hem fer un servei, \u00e9s assegurar-nos que els nostres clients i la seva propietat estiguin segurs mentre que  li proporcionen un servei el m\u00e9s r\u00e0pid possible. Els nostres serrallers Sant Feliu de Llobregat tenen la viv\u00e8ncia i les eines per fer claus per a la seva marca o model de pany o autom\u00f2bil. <strong>Aconsegueixi serveis r\u00e0pids i fiables quan truqui a l&#8217;938.346 215<\/strong>. Si es queda fora del seu  habitatge, sempre pot tenir el servei de serralleria d&#8217;Sant Feliu de Llobregat perqu\u00e8 vingui a salvar amb una soluci\u00f3 r\u00e0pida. Sempre pot comunicar amb nostres serrallers, els tancaments de seguretat s\u00f3n la nostra especialitat. En el moment en qu\u00e8 ens contactes, enviarem a un many\u00e0 com m\u00e9s aviat millor.<\/p>\n<p>Brindem una extensa selecci\u00f3 de configuracions d&#8217;instal\u00b7laci\u00f3 de panys per casa que es s&#8217;ajusten als seus  necessitats de seguretat. Tenim panys i forrellats d&#8217;extrema seguretat de els especials desenvolupadors. Si voleu mica m\u00e9s convenient que les claus, ens complau instal\u00b7lar panys d&#8217;entrada sense clau. Tamb\u00e9 tenim la possibilitat de refor\u00e7ar les panys de seguretat amb les m\u00e9s avan\u00e7ades opcions de seguretat.<\/p>\n<p class=\"has-text-align-center\"><a class=\"btn-phone\" href=\"tel:938346215\" >Pots trucar a el tel\u00e8fon 938346215<\/a><\/p>\n<h2>Serrallers barats Sant Feliu de Llobregat<\/h2>\n<p>La nostra empresa de serralleria en Sant Feliu de Llobregat li ofereix un servei barat de serralleria completament honest i la instal\u00b7laci\u00f3, reparaci\u00f3, reempla\u00e7ament i servei de tot tipus de eines de tancament i la duplicaci\u00f3 de qualsevol g\u00e8nere de clau. Estem llicenciats, assegurats i amb experi\u00e8ncia en la prestaci\u00f3 de serveis de serralleria d&#8217;alta qualitat a clients. <strong>Serveis de serralleria assequible a Sant Feliu de Llobregat<\/strong>, amb la nostra reputaci\u00f3 de serveis professionals i costos econ\u00f2mics, elements que ens converteix a la millor companyia de serralleria a l&#8217;\u00e0rea de Sant Feliu de Llobregat per seves necessitats de panys i claus de urg\u00e8ncia. Recordeu, en el moment en qu\u00e8 requereixi d&#8217; serrallers barats a Sant Feliu de Llobregat, residencials, automotrius i comercials fiables. Estem contents de prestar els seg\u00fcents serveis de serralleria: Desbloqueig de urg\u00e8ncia de cases. modificar panys. canvi de panys de portes . Instal\u00b7laci\u00f3 i reparaci\u00f3 de panys de seguretat, introduint sistemes de acc\u00e9s sense clau. Pany de correu i claus. Alliberament de claus trencades i altres  serveis  a comanda. Hem optimitzat meticulosament tots i cada un nostres treballs de serralleria. Hem realitzat canvis en aspectes de les nostres operacions per oferir als nostres estimats  clients un servei econ\u00f2mic.<\/p>\n<p><strong>Acceptem que la atenci\u00f3 a client de qualitat i el servei r\u00e0pid s\u00f3n vitals per al nostre \u00e8xit com serrallers professionals<\/strong>, llavors, estem segurs que qualsevol de nostres usuaris rebin el servei superior possible. Un many\u00e0 d&#8217;Sant Feliu de Llobregat a m\u00e9s pot assistir en el cas que  seva pany estigui trencada o si la seva clau es va partir dins pany. Els nostres professionals poden recompondre o substituir pany i realitzar l&#8217;extracci\u00f3 de la clau trencada si \u00e9s necessari.<\/p>\n<p><img class=\"aligncenter\" src=\"https:\/\/barcelonacerrajeros.es\/wp-content\/uploads\/2020\/05\/cerrajeros-profesionales-24-horas-10.jpg\" alt=\"serrallers professionals Sant Feliu de Llobregat 24 hores\" width=\"417\" height=\"24\" title=\"\"><\/p>\n<h2>Serrallers urgents en Sant Feliu de Llobregat<\/h2>\n<p>Els nostres professionals en serveis de serralleria ofereixen serrallers de  emerg\u00e8ncia .Si busques un many\u00e0 d&#8217;urg\u00e8ncia a prop de tu. Pots trobar a un many\u00e0 a Sant Feliu de Llobregat que estigui m\u00e9s prop al teu habitatge i que estigui aprovat per el conveni de serrallers, si no pot entrar a la seva llar, va perdre les claus o b\u00e9 requereix que li arreglin els panys de seu habitatge .Cerraduras trencades, claus perdudes i quedar-se tancat fora de casa s\u00f3n raons v\u00e0lides per entrar en p\u00e0nic. Truqui a la <strong>serralleria de urg\u00e8ncia a Sant Feliu de Llobregat<\/strong> per obtenir serveis de serralleria d&#8217;urg\u00e8ncia. Oferim serveis de emerg\u00e8ncia les 24 hores del dia sense c\u00e0rrecs per trucades. Sempre comptem amb un many\u00e0 d&#8217;urg\u00e8ncia, expert a instal\u00b7lacions de seguretat protegir\u00e0 al seu fam\u00edlia a descansar segura, sabent que serrallers Sant Feliu de Llobregat ha tornat a assegurar la seguretat del seu casa.<\/p>\n<p><span style=\"vertical-align: inherit;\"><span style=\"vertical-align: inherit;\">Si necessita obrir una porta quan el pany d\u00f3na problemes o necessita reparacions per robatori el m\u00e9s aviat, truqui&#8217;ns. La nostra companyia amb serrallers professionals ofereix als seus usuaris un servei de <strong>serralleria d&#8217;emerg\u00e8ncia les 24 hores del dia, en tota \u00e0rea de Sant Feliu de Llobregat<\/strong>. Cobrim els tancaments residencials, comercials \/ oficines i de vehicles. Si li s &#8216;ha extraviat les claus o ha tingut un robatori a llar, podem retallar les claus i recompondre qualsevol malament. Serrallers Sant Feliu de Llobregat proporcionar\u00e0 a els usuaris un servei qualificat a algun hora del dia o de la nit, si  est\u00e0 tancat fora de la seva llar, acte o negoci i necessita entrar, si els seus claus han estat robades i la propietat necessita instal\u00b7lar noves mesures de seguretat, els panys que han estat danyades en un intent de separaci\u00f3 o fins i tot si la seva caixa forta ha fallat i necessita entrar en l&#8217;instant. Repararem ja el pany o tornarem a assegurar la seva propietat perqu\u00e8 tingui aquesta tranquil\u00b7litat.  Sempre portem les eines precises per la majoria dels serveis i intentem assessorar sobre el manteniment de la serralleria.&nbsp;<\/span><span style=\"vertical-align: inherit;\"> Potser requereixi un pany per recompondre o substituir, que tingui inconvenients amb una clau deficient o que simplement requereixi el suport d&#8217;un many\u00e0 professional; qualsevol persona que sigui la seva situaci\u00f3 actual, posse\u00efm el coneixement i la viv\u00e8ncia per tractar totes les consultes i hem ofert serveis a mida a una varietat de usuaris. <\/span><\/span><\/p>\n<h3>Serrallers en Sant Feliu de Llobregat 24 hores<\/h3>\n<p>Estem satisfets del nostre servei de 24 hores, ja que reconeixem que les emerg\u00e8ncies de panys poden sorgir en qualsevol moment del dia o de la nit i la gent mereixen seguretat sempre que resulti possible. Per aquesta ra\u00f3 nostres <strong>serrallers de Sant Feliu de Llobregat estaran en el seu llar tan r\u00e0pid com resulti possible<\/strong>, capa\u00e7os de reparar i reempla\u00e7ar panys, d&#8217;aquesta manera com de oferir suggeriments de seguretat per el futur. Som considerats una companyia l\u00edder i fiable causa nostres alts nivells d&#8217;atenci\u00f3 amb els clients.<\/p>\n<p><img src=\"https:\/\/barcelonacerrajeros.es\/wp-content\/uploads\/2020\/05\/cerrajeros-expertos-en-servicios-de-cerrajeria-26.jpg\" alt=\"serrallers barats a Sant Feliu de Llobregat\" title=\"\"><\/p>\n<p>Entenem el que es necessita per proporcionar una resposta r\u00e0pida i una soluci\u00f3 de qualitat: perqu\u00e8 aconsegueixi tenir un pany completament funcional en breu. Qualsevol persona que sigui la seva necessitat de serralleria, el nostre conjunt estar\u00e0 content d&#8217;ajudar. Ara no requereix passar dies o nits tancat sense resolucions, o simplement barallant amb un pany bloquejada; <strong>Serrallers 24 hores a Sant Feliu de Llobregat<\/strong> que est\u00e0 a m\u00e0 en el moment en qu\u00e8 es necessita i llest per donar serveis de alta definici\u00f3 a un ritme de resposta r\u00e0pida.<\/p>\n<p>Els serrallers 24 hores que realitzen serveis per a la nostra empresa tenen la possibilitat de ajudar amb totes i cadascuna de les panys i nombrosos inconvenients, incloent els seg\u00fcents:<\/p>\n<ul>\n<li>Motors de persianes.<\/li>\n<li>Automatismes de portes.<\/li>\n<li>Manteniment en empreses i comunitats de ve\u00efns.<\/li>\n<\/ul>\n<p>No et alteris, ara que podem arreglar-ho. Sigui com sigui el teu tipus de pany, cap treball \u00e9s massa gran o petit i ens trobem aqu\u00ed per assistir. M\u00e9s de les reparacions de panys, serrallers Sant Feliu de Llobregat a m\u00e9s realitza serveis amb panys de diversos materials, com portes compostes, finestres, portes de estacionament i de metall.<\/p>\n\n<div class=\"adsb30\" style=\" margin:12px; margin-left:0px; text-align:left\"><ul><li><a title=\"Serrallers Barcelona\" href=\"https:\/\/barcelonacerrajeros.es\/ca\">Barcelona<\/a><\/li>\r\n<li><a title=\"Serrallers Hospitalet de Llobregat\" href=\"https:\/\/barcelonacerrajeros.es\/hospitalet-de-llobregat\/\">Hospitalet de Llobregat<\/a><\/li><li><a title =\"Serraller Terrassa\" href =\"https:\/\/barcelonacerrajeros.es\/ca\/serrallers-terrassa\">Terrassa<\/a><\/li><li><a title =\"Serraller Badalona\" href = \"https:\/\/barcelonacerrajeros.es\/ca\/serrallers-badalona\/\">Badalona<\/a><\/li><li><a title=\"Serraller Sabadell\" href=\"https:\/\/barcelonacerrajeros.es\/ca\/serrallers-sabadell\">Sabadell<\/a><\/li ><li><a title=\"Serraller Matar\u00f3\" href=\"https:\/\/barcelonacerrajeros.es\/ca\/serrallers-mataro\">Matar\u00f3<\/a><\/li><\/ul><\/div>\n\n\n<div class=\"kk-star-ratings kksr-auto kksr-align-center kksr-valign-bottom kksr-disabled\"\n    data-payload='{&quot;align&quot;:&quot;center&quot;,&quot;id&quot;:&quot;3078&quot;,&quot;readonly&quot;:&quot;1&quot;,&quot;slug&quot;:&quot;default&quot;,&quot;valign&quot;:&quot;bottom&quot;,&quot;ignore&quot;:&quot;&quot;,&quot;reference&quot;:&quot;auto&quot;,&quot;class&quot;:&quot;&quot;,&quot;count&quot;:&quot;5&quot;,&quot;legendonly&quot;:&quot;&quot;,&quot;score&quot;:&quot;5&quot;,&quot;starsonly&quot;:&quot;&quot;,&quot;best&quot;:&quot;5&quot;,&quot;gap&quot;:&quot;4&quot;,&quot;greet&quot;:&quot;Vota este servicio&quot;,&quot;legend&quot;:&quot;5\\\/5 - (5 votes)&quot;,&quot;size&quot;:&quot;24&quot;,&quot;title&quot;:&quot;Serrallers Sant Feliu de Llobregat&quot;,&quot;width&quot;:&quot;138&quot;,&quot;_legend&quot;:&quot;{score}\\\/{best} - ({count} {votes})&quot;,&quot;font_factor&quot;:&quot;1.25&quot;}'>\n            \n<div class=\"kksr-stars\">\n    \n<div class=\"kksr-stars-inactive\">\n            <div class=\"kksr-star\" data-star=\"1\" style=\"padding-right: 4px\">\n            \n\n<div class=\"kksr-icon\" style=\"width: 24px; height: 24px;\"><\/div>\n        <\/div>\n            <div class=\"kksr-star\" data-star=\"2\" style=\"padding-right: 4px\">\n            \n\n<div class=\"kksr-icon\" style=\"width: 24px; height: 24px;\"><\/div>\n        <\/div>\n            <div class=\"kksr-star\" data-star=\"3\" style=\"padding-right: 4px\">\n            \n\n<div class=\"kksr-icon\" style=\"width: 24px; height: 24px;\"><\/div>\n        <\/div>\n            <div class=\"kksr-star\" data-star=\"4\" style=\"padding-right: 4px\">\n            \n\n<div class=\"kksr-icon\" style=\"width: 24px; height: 24px;\"><\/div>\n        <\/div>\n            <div class=\"kksr-star\" data-star=\"5\" style=\"padding-right: 4px\">\n            \n\n<div class=\"kksr-icon\" style=\"width: 24px; height: 24px;\"><\/div>\n        <\/div>\n    <\/div>\n    \n<div class=\"kksr-stars-active\" style=\"width: 138px;\">\n            <div class=\"kksr-star\" style=\"padding-right: 4px\">\n            \n\n<div class=\"kksr-icon\" style=\"width: 24px; height: 24px;\"><\/div>\n        <\/div>\n            <div class=\"kksr-star\" style=\"padding-right: 4px\">\n            \n\n<div class=\"kksr-icon\" style=\"width: 24px; height: 24px;\"><\/div>\n        <\/div>\n            <div class=\"kksr-star\" style=\"padding-right: 4px\">\n            \n\n<div class=\"kksr-icon\" style=\"width: 24px; height: 24px;\"><\/div>\n        <\/div>\n            <div class=\"kksr-star\" style=\"padding-right: 4px\">\n            \n\n<div class=\"kksr-icon\" style=\"width: 24px; height: 24px;\"><\/div>\n        <\/div>\n            <div class=\"kksr-star\" style=\"padding-right: 4px\">\n            \n\n<div class=\"kksr-icon\" style=\"width: 24px; height: 24px;\"><\/div>\n        <\/div>\n    <\/div>\n<\/div>\n                \n\n<div class=\"kksr-legend\" style=\"font-size: 19.2px;\">\n            5\/5 - (5 votes)    <\/div>\n    <\/div>\n","protected":false},"excerpt":{"rendered":"<p>Serrallers Sant Feliu de Llobregat \u00e9s una empresa de serralleria que realitza serveis a Sant Feliu de Llobregat. Si contacta amb nosaltres podr\u00e0 tenir disponible a un many\u00e0 a Sant Feliu de Llobregat a gaireb\u00e9 20 minuts a prop de casa seva. Pensem que realitzar un servei d&#8217;una excel\u00b7lent qualitat \u00e9s important per un bon tracte amb nostres clients. Les hores tardanes i les condicions clim\u00e0tiques mai s\u00f3n un obstacle per a nostres serrallers, proporcionar el servei que requereix, \u00e9s el nostre deure com serrallers professionals. La nostra empresa de professionals en serralleria, li d\u00f3na total import\u00e0ncia a el benestar <\/p>\n","protected":false},"author":1,"featured_media":0,"parent":0,"menu_order":0,"comment_status":"closed","ping_status":"closed","template":"","meta":{"footnotes":""},"class_list":["post-3078","page","type-page","status-publish","hentry"],"_links":{"self":[{"href":"https:\/\/barcelonacerrajeros.es\/ca\/wp-json\/wp\/v2\/pages\/3078","targetHints":{"allow":["GET"]}}],"collection":[{"href":"https:\/\/barcelonacerrajeros.es\/ca\/wp-json\/wp\/v2\/pages"}],"about":[{"href":"https:\/\/barcelonacerrajeros.es\/ca\/wp-json\/wp\/v2\/types\/page"}],"author":[{"embeddable":true,"href":"https:\/\/barcelonacerrajeros.es\/ca\/wp-json\/wp\/v2\/users\/1"}],"replies":[{"embeddable":true,"href":"https:\/\/barcelonacerrajeros.es\/ca\/wp-json\/wp\/v2\/comments?post=3078"}],"version-history":[{"count":3,"href":"https:\/\/barcelonacerrajeros.es\/ca\/wp-json\/wp\/v2\/pages\/3078\/revisions"}],"predecessor-version":[{"id":3432,"href":"https:\/\/barcelonacerrajeros.es\/ca\/wp-json\/wp\/v2\/pages\/3078\/revisions\/3432"}],"wp:attachment":[{"href":"https:\/\/barcelonacerrajeros.es\/ca\/wp-json\/wp\/v2\/media?parent=3078"}],"curies":[{"name":"wp","href":"https:\/\/api.w.org\/{rel}","templated":true}]}}