{"id":3081,"date":"2020-10-22T20:41:37","date_gmt":"2020-10-22T19:41:37","guid":{"rendered":"https:\/\/barcelonacerrajeros.es\/serrallers-sant-joan-despi\/"},"modified":"2021-04-07T09:16:28","modified_gmt":"2021-04-07T08:16:28","slug":"serrallers-sant-joan-despi","status":"publish","type":"page","link":"https:\/\/barcelonacerrajeros.es\/ca\/serrallers-sant-joan-despi\/","title":{"rendered":"Serrallers Sant Joan Desp\u00ed"},"content":{"rendered":"<p>Si contacta amb nosaltres podr\u00e0 tenir disponible a un many\u00e0 a Sant Joan Desp\u00ed a 30 minuts a prop de la seva llar. A la nostra companyia creiem que realitzar un servei d&#8217;una gran qualitat \u00e9s fonamental per una bona relaci\u00f3 amb el client. Les hores tardanes i les condicions clim\u00e0tiques mai s\u00f3n un obstacle per a nosaltres, oferir el servei que requereix, \u00e9s el nostre deure com <em>serrallers professionals<\/em>. La nostra empresa de professionals en serralleria, li d\u00f3na m\u00e0xima import\u00e0ncia a la satisfacci\u00f3 de els clients ia formar els serrallers, \u00e9s a causa d&#8217;aix\u00f2 que disposem de <strong>millors serrallers de Sant Joan Desp\u00ed<\/strong>, professionals capacitats i amb experi\u00e8ncia, prove\u00efts amb les eines imprescindibles i un equip adequat per realitzar 1 servei de bona qualitat, donant com conseq\u00fc\u00e8ncia   una soluci\u00f3 per als clients.<\/p>\n\n<p>Un pany \u00e9s la primera  protecci\u00f3 per sostenir seva propietat fora de perill de intrusos i persones no desitjades. En el moment en qu\u00e8 necessiti serveis de un many\u00e0 a Sant Joan Desp\u00ed, estem aqu\u00ed per ajudar. Oferirem una soluci\u00f3 de qualitat a uns preus molt econ\u00f2mics per seves necessitats de panys. Si us plau, poseu-vos en contacte amb <strong>serrallers a Sant Joan Desp\u00ed<\/strong> ara al 938.346.215 o ompli el formulari de contacte d&#8217;la p\u00e0gina web. Som una empresa familiar i sempre farem tot el possible per oferir el servei m\u00e9s adequat a l&#8217;cost m\u00e9s assequible. Tant si requereix seguretat per la seva porta o b\u00e9 un procediment de seguretat integrat, tal com si busca una f\u00e0cil pany de urg\u00e8ncia o necessita disposar un complex sistema d&#8217;intercomunicaci\u00f3, els nostres <em>serrallers a Sant Joan Desp\u00ed<\/em> li ofereix el millor servei a el millor cost. Serrallers de Sant Joan Desp\u00ed est\u00e0 oferint els seus serveis als clients durant m\u00e9s de molts anys.  <strong>El nostre grup de serrallers professionals<\/strong>&nbsp;es complau de ser \u00fatil a tots nostres amics i ve\u00efns de Sant Joan Desp\u00ed, igualment oferim els nostres serveis a les comunitats properes. Al instant en que busqui &#8220;serrallers a prop meu&#8221; en qualsevol lloc de Sant Joan Desp\u00ed, pot estar segur que nosaltres  serem la resposta m\u00e9s recomanada.<\/p>\n<p class=\"has-text-align-center\"><a class=\"btn-phone\" href=\"tel:938346215\" >Pots trucar a el tel\u00e8fon 938346215<\/a><\/p>\n<p>Seleccionar una serralleria a Sant Joan Desp\u00ed \u00e9s molt complicat. Cercar una empresa de serrallers de total confian\u00e7a \u00e9s una treball colossal. Pot navegar a Google &#8220;<strong>serrallers 24 hores Sant Joan Desp\u00ed<\/strong>&#8221; Per\u00f2 li sortiran tantes p\u00e0gines webs d&#8217;serralleries urgents que acabar\u00e0 marejat. \u00c9s atractiu fer una ullada per contrastar i veure la compet\u00e8ncia, per\u00f2 generalment no serveix per comprovar que l&#8217;empresa sigui efica\u00e7 i responsable. El millor \u00e9s contactar per tel\u00e8fon i consultar per preu de l&#8217;many\u00e0, si cobren o no despla\u00e7ament, on \u00e9s el domicili social, a qu\u00e8 es comprometen: durada de arribada i de resoluci\u00f3 de l&#8217;servei, garanties de les peces i de la feina realitzat, etc.<\/p>\n<h2>Som els millors serrallers a Sant Joan Desp\u00ed<\/h2>\n<p><strong>Experts en serveis de serralleria en Sant Joan Desp\u00ed<\/strong> per usuaris residencials i corporatius, oferim reempla\u00e7aments de panys, obertura de panys de emerg\u00e8ncia i tamb\u00e9 instal\u00b7lacions de panys. Oferim 1 \u00e0mplia diversitat de habilitats, panys de seguretat, sistemes de control d&#8217;ingr\u00e9s, panys electr\u00f2nics, panys comercials, manetes de portes, intercomunicadors i sistemes de seguretat avan\u00e7ats, tots de la millor qualitat possible, els gran fabricants de la ind\u00fastria de la serralleria, Mentre que els nostres serveis tenen la possibilitat de oferir cabuda a gaireb\u00e9 qualsevol tema relacionat amb el pany \/ porta.<span style=\"vertical-align: inherit;\"><span style=\"vertical-align: inherit;\"> Som un servei \u00edntegre de panys. Aix\u00f2 vol dir que quan necessiti reempla\u00e7ar els seus panys despr\u00e9s un robatori. <strong>Ens trobem disponibles 24\/7<\/strong> per reempla\u00e7ar els panys i ajudar a assegurar la protecci\u00f3 de seva propietat contra m\u00e9s  violacions.<\/span><\/span><\/p>\n<p><span style=\"vertical-align: inherit;\"><span style=\"vertical-align: inherit;\"><div class=\"su-gmap su-u-responsive-media-yes\"><iframe width=\"800\" height=\"400\" src=\"\/\/maps.google.com\/maps?q=Barcelona%2C%20%20Sant%20Joan%20Desp%C3%AD&amp;output=embed\" title=\"La nostra zona de treball en Sant Joan Desp\u00ed\"><\/iframe><\/div><\/span><\/span><\/p>\n<p>Els nostres serveis es realitzen a tota la zona de Sant Joan Desp\u00ed. Pot <strong>trucar a serrallers Sant Joan Desp\u00ed<\/strong> de dia o a la nit i podem portar de tornada a casa. Els propietaris de comer\u00e7os o habitatges en Sant Joan Desp\u00ed confien en els nostres serveis quan es tracta d&#8217; resoldre problemes de serralleria. <em>Brindem solucions r\u00e0pides, Fiables i assequibles<\/em>, amb independ\u00e8ncia de la contrarietat de l&#8217;tema. Pot trucar a Serrallers Sant Joan Desp\u00ed per als seus tancaments de urg\u00e8ncia O reparaci\u00f3 de serralleria i estarem aqu\u00ed per  abans que es doni cuenta.Nuestros serrallers van ser entrenats intensament per realitzar serveis de serralleria sense provocar danys al seu pany o a la seva porta. El nostre prop\u00f2sit n\u00famero u en una situaci\u00f3 on hem fer un servei, \u00e9s confirmar-nos que els nostres usuaris i la seva propietat estiguin segurs mentre que li ofereixen un servei el m\u00e9s velo\u00e7 viable. Li han tancat la porta de casa o apartament? \u00bfRequereix una clau de recanvi per a casa? \u00bfVol mudar els seus panys? Truqui&#8217;ns  en aquest moment a l&#8217; 93. treball de serralleria sigui manejat per un dels nostres serrallers disponibles a Sant Joan Desp\u00ed.<\/p>\n<p>Oferim una \u00e0mplia gamma de configuracions d&#8217;instal\u00b7laci\u00f3 de panys per la propietat que es s&#8217;adapten als seus requeriments de seguretat. Tenim panys i forrellats d&#8217;extrema seguretat de els especials desenvolupadors. Si voleu mica m\u00e9s favorable que les claus, ens complau instal\u00b7lar panys d&#8217;entrada sense clau. A m\u00e9s podem actualitzar les panys de seguretat amb les \u00faltimes opcions de protecci\u00f3.<\/p>\n<p class=\"has-text-align-center\"><a class=\"btn-phone\" href=\"tel:938346215\" >Pots trucar a el tel\u00e8fon 938346215<\/a><\/p>\n<h2>Serrallers barats Sant Joan Desp\u00ed<\/h2>\n<p>La nostra empresa de serralleria en Sant Joan Desp\u00ed li d\u00f3na un servei econ\u00f2mic de serralleria completament \u00edntegre i la instal\u00b7laci\u00f3, reparaci\u00f3, reempla\u00e7ament i servei de tot tipus de dispositius de tancament i la duplicaci\u00f3 de qualsevol g\u00e8nere de clau. Estem llicenciats, assegurats i amb experi\u00e8ncia en la prestaci\u00f3 de serveis de serralleria d&#8217;alta definici\u00f3 a usuaris. <strong>Serveis de serralleria barats a Sant Joan Desp\u00ed<\/strong>, amb la nostra barreja de serveis experts i costos raonables, elements que ens converteix a la millor opci\u00f3 a Sant Joan Desp\u00ed per seves pretensions de panys i claus de emerg\u00e8ncia. Recordeu, quan busqui serrallers barats a Sant Joan Desp\u00ed, residencials, automotrius i comercials fiables. Estem orgullosos de suggerir els propers serveis de serralleria: Desbloqueig de urg\u00e8ncia de cases. Reajustar panys. Reempla\u00e7ament de panys . Instal\u00b7laci\u00f3 i reparaci\u00f3 de panys de seguretat, incloent sistemes de entrada amb claus digitals . Pany de correu i claus. Alliberament de claus trencades i altres  serveis de serralleria  m\u00e9s avan\u00e7ats.<\/p>\n<p>El m\u00e9s destacable \u00e9s que oferim <em>serveis de serralleria barats comparant les tarifes m\u00e9s assequibles<\/em> de l&#8217;mercat.  Si est\u00e0 buscant un veritable many\u00e0 professional a Sant Joan Desp\u00ed, truqui&#8217;ns ara i vegi per qu\u00e8 tants clients i companyies confien en nosaltres i ens han valorat positivament al llarg de m\u00e9s d&#8217;una d\u00e8cada. Un many\u00e0 d&#8217;Sant Joan Desp\u00ed a m\u00e9s pot assistir en cas que 1 pany estigui trencada o si la clau es va partir a pany. Els nostres professionals tenen la possibilitat de reparar o b\u00e9 reempla\u00e7ar pany i realitzar l&#8217;extracci\u00f3 de la clau trencada si \u00e9s necessari.<\/p>\n<p><img class=\"aligncenter\" src=\"https:\/\/barcelonacerrajeros.es\/wp-content\/uploads\/2020\/05\/cerrajeros-profesionales-24-horas-41.jpg\" alt=\"serrallers professionals Sant Joan Desp\u00ed 24 hores\" width=\"417\" height=\"24\" title=\"\"><\/p>\n<h2>Serrallers urgents en Sant Joan Desp\u00ed<\/h2>\n<p>La nostra empresa de serralleria ofereix serveis de serralleria de urg\u00e8ncia .Si necessites un many\u00e0 d&#8217;urg\u00e8ncia a prop de tu. Pots trobar a un many\u00e0 a Sant Joan Desp\u00ed que estigui m\u00e9s prop a la teva llar i que estigui aprovat per l&#8217;associaci\u00f3 de t\u00e8cnics en serralleria, si no pot entrar a seu habitatge, va perdre seves claus o b\u00e9 requereix que li reparin els panys de casa .Cerraduras trencades, claus perdudes i quedar-se tancat fora de casa s\u00f3n causes v\u00e0lides per dir que tens problemes. Truqui a la <strong>serralleria de urg\u00e8ncia a Sant Joan Desp\u00ed<\/strong> per aconseguir serveis de serralleria d&#8217;urg\u00e8ncia. Brindem serveis de emerg\u00e8ncia les 24 hores del dia sense c\u00e0rrecs per trucades. Tenim disponible a un many\u00e0 d&#8217;emerg\u00e8ncia, expert a reparacions de seguretat ajudar\u00e0 al seu llar a reposar segura, sabent que serrallers Sant Joan Desp\u00ed tornar a garantir la seguretat del seu casa.<\/p>\n<p><span style=\"vertical-align: inherit;\"><span style=\"vertical-align: inherit;\">Si necessita obrir una porta en el moment en qu\u00e8 el pany d\u00f3na problemes o necessita reparacions per robatori el m\u00e9s aviat, truqui&#8217;ns. La nostra companyia amb serrallers professionals ofereix als seus usuaris un servei de serralleria d&#8217;emerg\u00e8ncia les 24 hores del dia, en tota regi\u00f3 de Sant Joan Desp\u00ed. Cobrim els tancaments residencials, comercials \/ oficines i de vehicles. Si li ha perdut les claus o va tenir un robatori a casa, tenim la possibilitat de retallar les claus i recompondre algun mal. <strong>Serrallers Sant Joan Desp\u00ed<\/strong> Repararem ja el pany o tornarem a assegurar la seva propietat a fi que tingui aquesta tranquil\u00b7litat. Sempre portem les eines precises per la major part dels treballs i tamb\u00e9 procurem aconsellar sobre la manera de tenir cura dels elements de serralleria. Els nostres serrallers residencials cobreixen tot SANT JOAN DESP\u00cd i tenim la possibilitat de recomanar sobre la seva necessitat de panys de seguretat, panys de finestres o forrellats de pati per a la seva casa . Tenim la possibilitat de reempla\u00e7ar els seus panys i potser canviar les seves claus a nom\u00e9s una clau per a tota la seva propietat . <\/span><span style=\"vertical-align: inherit;\"> Potser requereixi un pany per reparar o substituir, que tingui inconvenients amb una clau deficient o que simplement requereixi el acompanyament d&#8217;un many\u00e0 expert; qualsevol persona que sigui la seva situaci\u00f3 actual, Tenim el coneixement i la experi\u00e8ncia per tractar totes i cadascuna de les consultes i hem ofert serveis a mida a una diversitat de clients.<\/span><\/span><\/p>\n<h3>Serrallers en Sant Joan Desp\u00ed 24 hores<\/h3>\n<p>Estem satisfets de el servei de 24 hores que oferim, ara que reconeixem que les emerg\u00e8ncies de panys poden apar\u00e8ixer en qualsevol moment del dia o de la nit i la gent mereixen seguretat at\u00e8s que resulti possible. Per aquesta ra\u00f3 nostres <strong>serrallers de Sant Joan Desp\u00ed estaran en el seu llar tan r\u00e0pid com resulti possible<\/strong>, capa\u00e7os de recompondre i substituir panys, aix\u00ed com de suggerir indicacions de seguretat per futures ocasions. Som considerats una empresa l\u00edder i fiable causa nostre alt nivell d&#8217;atenci\u00f3 amb els usuaris.<\/p>\n<p><img src=\"https:\/\/barcelonacerrajeros.es\/wp-content\/uploads\/2020\/05\/cerrajeros-expertos-en-servicios-de-cerrajeria-37.jpg\" alt=\"serrallers barats a Sant Joan Desp\u00ed\" title=\"\"><\/p>\n<p>Sabem el que es requereix per proporcionar una resposta r\u00e0pida i una gran varietat de serveis de qualitat: perqu\u00e8 pugui tenir un pany totalment servible en poc temps. Qualsevol persona que sigui la seva necessitat de serralleria, el nostre conjunt estar\u00e0 content d&#8217;ajudar. Ara no hi ha passar dies o nits tancat sense resolucions, o senzillament barallant amb un pany encallada; <strong>Serrallers 24 hores a Sant Joan Desp\u00ed<\/strong> que est\u00e0 a m\u00e0 en el moment en qu\u00e8 es necessita i llest per lliurar reparacions de alta qualitat a un ritme de resposta r\u00e0pida.<\/p>\n<p>Els nostres serrallers 24 hores tenen la possibilitat de ajudar amb totes les panys i diversos inconvenients, incloent els propers:<\/p>\n<ul>\n<li>Motors de persianes.<\/li>\n<li>Automatismes de portes.<\/li>\n<li>Manteniment en negocis i comunitats de propietaris.<\/li>\n<\/ul>\n<p>No desesperis, ara que podem arreglar-ho. Sigui com sigui el teu tipus de pany, cap treball \u00e9s massa gran o petit i ens trobem aqu\u00ed per assistir. A part de les reparacions de panys, serrallers Sant Joan Desp\u00ed a m\u00e9s realitza serveis amb panys de diversos materials, com portes compostes, finestres, portes de garatge i de metall.<\/p>\n<p><strong>Serrallers Sant Joan Desp\u00ed<\/strong> intentar\u00e0 sempre buscar una excel\u00b7lent relaci\u00f3 entre el preu i la qualitat tant dels articles instal\u00b7lats com de la m\u00e0 d&#8217;obra experta. S&#8217;estar\u00e0 preguntant quant val un many\u00e0 vint hores en Sant Joan Desp\u00ed. Conseg\u00fcentment li contestarem que dep\u00e8n de l&#8217;model de actuaci\u00f3, de el grau de dificultat, de l&#8217;lloc i de la classe de mat\u00e8ria primera que es necessiti per solucionar el problema que li hagi aparegut. En qualsevol assumpte treballem per un preu econ\u00f2mic. La nostra meta \u00e9s servir-li de assist\u00e8ncia. <strong>Som serrallers econ\u00f2mics de Sant Joan Desp\u00ed<\/strong> previsors. Tenim al nostre magatzem 1 assortiment de materials de gran categoria perqu\u00e8 el treball sigui r\u00e0pid i barat.<\/p>\n\n<div class=\"adsb30\" style=\" margin:12px; margin-left:0px; text-align:left\"><ul><li><a title=\"Serrallers Barcelona\" href=\"https:\/\/barcelonacerrajeros.es\/ca\">Barcelona<\/a><\/li>\r\n<li><a title=\"Serrallers Hospitalet de Llobregat\" href=\"https:\/\/barcelonacerrajeros.es\/hospitalet-de-llobregat\/\">Hospitalet de Llobregat<\/a><\/li><li><a title =\"Serraller Terrassa\" href =\"https:\/\/barcelonacerrajeros.es\/ca\/serrallers-terrassa\">Terrassa<\/a><\/li><li><a title =\"Serraller Badalona\" href = \"https:\/\/barcelonacerrajeros.es\/ca\/serrallers-badalona\/\">Badalona<\/a><\/li><li><a title=\"Serraller Sabadell\" href=\"https:\/\/barcelonacerrajeros.es\/ca\/serrallers-sabadell\">Sabadell<\/a><\/li ><li><a title=\"Serraller Matar\u00f3\" href=\"https:\/\/barcelonacerrajeros.es\/ca\/serrallers-mataro\">Matar\u00f3<\/a><\/li><\/ul><\/div>\n\n\n<div class=\"kk-star-ratings kksr-auto kksr-align-center kksr-valign-bottom kksr-disabled\"\n    data-payload='{&quot;align&quot;:&quot;center&quot;,&quot;id&quot;:&quot;3081&quot;,&quot;readonly&quot;:&quot;1&quot;,&quot;slug&quot;:&quot;default&quot;,&quot;valign&quot;:&quot;bottom&quot;,&quot;ignore&quot;:&quot;&quot;,&quot;reference&quot;:&quot;auto&quot;,&quot;class&quot;:&quot;&quot;,&quot;count&quot;:&quot;4&quot;,&quot;legendonly&quot;:&quot;&quot;,&quot;score&quot;:&quot;4.7&quot;,&quot;starsonly&quot;:&quot;&quot;,&quot;best&quot;:&quot;5&quot;,&quot;gap&quot;:&quot;4&quot;,&quot;greet&quot;:&quot;Vota este servicio&quot;,&quot;legend&quot;:&quot;4.7\\\/5 - (4 votes)&quot;,&quot;size&quot;:&quot;24&quot;,&quot;title&quot;:&quot;Serrallers Sant Joan Desp\u00ed&quot;,&quot;width&quot;:&quot;129.6&quot;,&quot;_legend&quot;:&quot;{score}\\\/{best} - ({count} {votes})&quot;,&quot;font_factor&quot;:&quot;1.25&quot;}'>\n            \n<div class=\"kksr-stars\">\n    \n<div class=\"kksr-stars-inactive\">\n            <div class=\"kksr-star\" data-star=\"1\" style=\"padding-right: 4px\">\n            \n\n<div class=\"kksr-icon\" style=\"width: 24px; height: 24px;\"><\/div>\n        <\/div>\n            <div class=\"kksr-star\" data-star=\"2\" style=\"padding-right: 4px\">\n            \n\n<div class=\"kksr-icon\" style=\"width: 24px; height: 24px;\"><\/div>\n        <\/div>\n            <div class=\"kksr-star\" data-star=\"3\" style=\"padding-right: 4px\">\n            \n\n<div class=\"kksr-icon\" style=\"width: 24px; height: 24px;\"><\/div>\n        <\/div>\n            <div class=\"kksr-star\" data-star=\"4\" style=\"padding-right: 4px\">\n            \n\n<div class=\"kksr-icon\" style=\"width: 24px; height: 24px;\"><\/div>\n        <\/div>\n            <div class=\"kksr-star\" data-star=\"5\" style=\"padding-right: 4px\">\n            \n\n<div class=\"kksr-icon\" style=\"width: 24px; height: 24px;\"><\/div>\n        <\/div>\n    <\/div>\n    \n<div class=\"kksr-stars-active\" style=\"width: 129.6px;\">\n            <div class=\"kksr-star\" style=\"padding-right: 4px\">\n            \n\n<div class=\"kksr-icon\" style=\"width: 24px; height: 24px;\"><\/div>\n        <\/div>\n            <div class=\"kksr-star\" style=\"padding-right: 4px\">\n            \n\n<div class=\"kksr-icon\" style=\"width: 24px; height: 24px;\"><\/div>\n        <\/div>\n            <div class=\"kksr-star\" style=\"padding-right: 4px\">\n            \n\n<div class=\"kksr-icon\" style=\"width: 24px; height: 24px;\"><\/div>\n        <\/div>\n            <div class=\"kksr-star\" style=\"padding-right: 4px\">\n            \n\n<div class=\"kksr-icon\" style=\"width: 24px; height: 24px;\"><\/div>\n        <\/div>\n            <div class=\"kksr-star\" style=\"padding-right: 4px\">\n            \n\n<div class=\"kksr-icon\" style=\"width: 24px; height: 24px;\"><\/div>\n        <\/div>\n    <\/div>\n<\/div>\n                \n\n<div class=\"kksr-legend\" style=\"font-size: 19.2px;\">\n            4.7\/5 - (4 votes)    <\/div>\n    <\/div>\n","protected":false},"excerpt":{"rendered":"<p>Si contacta amb nosaltres podr\u00e0 tenir disponible a un many\u00e0 a Sant Joan Desp\u00ed a 30 minuts a prop de la seva llar. A la nostra companyia creiem que realitzar un servei d&#8217;una gran qualitat \u00e9s fonamental per una bona relaci\u00f3 amb el client. Les hores tardanes i les condicions clim\u00e0tiques mai s\u00f3n un obstacle per a nosaltres, oferir el servei que requereix, \u00e9s el nostre deure com serrallers professionals. La nostra empresa de professionals en serralleria, li d\u00f3na m\u00e0xima import\u00e0ncia a la satisfacci\u00f3 de els clients ia formar els serrallers, \u00e9s a causa d&#8217;aix\u00f2 que disposem de millors serrallers <\/p>\n","protected":false},"author":1,"featured_media":0,"parent":0,"menu_order":0,"comment_status":"closed","ping_status":"closed","template":"","meta":{"footnotes":""},"class_list":["post-3081","page","type-page","status-publish","hentry"],"_links":{"self":[{"href":"https:\/\/barcelonacerrajeros.es\/ca\/wp-json\/wp\/v2\/pages\/3081","targetHints":{"allow":["GET"]}}],"collection":[{"href":"https:\/\/barcelonacerrajeros.es\/ca\/wp-json\/wp\/v2\/pages"}],"about":[{"href":"https:\/\/barcelonacerrajeros.es\/ca\/wp-json\/wp\/v2\/types\/page"}],"author":[{"embeddable":true,"href":"https:\/\/barcelonacerrajeros.es\/ca\/wp-json\/wp\/v2\/users\/1"}],"replies":[{"embeddable":true,"href":"https:\/\/barcelonacerrajeros.es\/ca\/wp-json\/wp\/v2\/comments?post=3081"}],"version-history":[{"count":3,"href":"https:\/\/barcelonacerrajeros.es\/ca\/wp-json\/wp\/v2\/pages\/3081\/revisions"}],"predecessor-version":[{"id":3433,"href":"https:\/\/barcelonacerrajeros.es\/ca\/wp-json\/wp\/v2\/pages\/3081\/revisions\/3433"}],"wp:attachment":[{"href":"https:\/\/barcelonacerrajeros.es\/ca\/wp-json\/wp\/v2\/media?parent=3081"}],"curies":[{"name":"wp","href":"https:\/\/api.w.org\/{rel}","templated":true}]}}