{"id":3129,"date":"2020-10-22T20:41:51","date_gmt":"2020-10-22T19:41:51","guid":{"rendered":"https:\/\/barcelonacerrajeros.es\/serrallers-llica-de-vall\/"},"modified":"2021-04-07T09:16:25","modified_gmt":"2021-04-07T08:16:25","slug":"serrallers-llica-de-vall","status":"publish","type":"page","link":"https:\/\/barcelonacerrajeros.es\/ca\/serrallers-llica-de-vall\/","title":{"rendered":"Serrallers Lli\u00e7\u00e0 de Vall"},"content":{"rendered":"<p>Els <strong>serrallers a Lli\u00e7\u00e0 de Vall<\/strong> s\u00f3n experts en els diferents temes de serralleria que la gent que viu a Lli\u00e7\u00e0 de Vall poden experimentar, sense diferenciar \u200b\u200bsigui en el sector residencial o l&#8217; comercial . A m\u00e9s, cobrim una \u00e0mplia gamma de serveis de serralleria introduint reempla\u00e7ament de panys,  instal\u00b7laci\u00f3 i reparaci\u00f3 de panys , canvi de claus, i molts m\u00e9s. El nostre equip de serrallers s\u00f3n els m\u00e9s qualificats en els serveis que ofereixen i de forma simult\u00e0nia professionals educats amb  els clients. Aix\u00f2 li garanteix que tenim la possibilitat de agradar i solucionar els problemes de seguretat i protecci\u00f3 juntament amb un bon experi\u00e8ncia amb un servei de serrallers de qualitat.<\/p>\n\n<p>El nostre objectiu \u00e9s donar-li a  el nostre client una extensa selecci\u00f3 de serveis de serralleria per a la seva llar i serveis de serralleria per a la seva local. Si us plau, poseu-vos en contacte amb <strong>serrallers a Lli\u00e7\u00e0 de Vall<\/strong> ara al 938.346.215 o ompli el formulari de contacte d&#8217;aquesta p\u00e0gina. Som una companyia amb experi\u00e8ncia i constantment farem tot el possible per oferir el servei m\u00e9s adequat a l&#8217;cost m\u00e9s accessible. Tant si requereix un sistema de seguretat per la seva porta o b\u00e9 un sistema de seguretat que ve dins , tal com si busca una simple pany de emerg\u00e8ncia o b\u00e9 necessita disposar un complex sistema d&#8217;intercomunicaci\u00f3, els nostres <em>serrallers a Lli\u00e7\u00e0 de Vall<\/em> li d\u00f3na el servei superior a el millor cost. La nostra empresa est\u00e0 servint als clients per m\u00e9s de molts anys.  <strong>La nostra companyia de serrallers experts<\/strong>&nbsp;s&#8217;enorgulleix de ser \u00fatil a tots els ve\u00efns i gent de Lli\u00e7\u00e0 de Vall, aix\u00ed mateix oferim serveis a les comunitats ve\u00efnes. Quan busqui &#8220;serrallers a prop meu&#8221; en qualsevol lloc de Lli\u00e7\u00e0 de Vall, pot estar segur que  serem la resposta m\u00e9s r\u00e0pida.<\/p>\n<p class=\"has-text-align-center\"><a class=\"btn-phone\" href=\"tel:938346215\" >Flama ja a el tel\u00e8fon 938346215<\/a><\/p>\n<p> Som <strong>serrallers Lli\u00e7\u00e0 de Vall barats<\/strong>. Mantenim un estoc al nostre centre a preu de cost. A causa als nostres prove\u00efdors experts podem donar-li el millor preu de l&#8217;sector. Els t\u00e8cnics serrallers de Lli\u00e7\u00e0 de Vall s\u00f3n experts en la mat\u00e8ria no nom\u00e9s pels anys que porten treballant en el sector, sin\u00f3 per l&#8217;obstinaci\u00f3 diari que posen en la formaci\u00f3 cont\u00ednua. Aquesta il\u00b7lusi\u00f3 per millorar cada dia i anar aprenent \u00e9s el que ens deixa ser cada vegada m\u00e9s efectius. La nostra meta \u00e9s complir amb la paraula donada. Estem compromesos a donar 1 treball de qualitat, avalat per l&#8217;equip hum\u00e0 m\u00e9s avantguardista de Lli\u00e7\u00e0 de Vall.<\/p>\n<h2>Som els millors serrallers a Lli\u00e7\u00e0 de Vall<\/h2>\n<p><strong>Experts en serveis de serralleria en Lli\u00e7\u00e0 de Vall<\/strong> per usuaris residencials i empresarials, oferim reempla\u00e7aments de panys, obertura de panys de emerg\u00e8ncia i instal\u00b7lacions de panys. Nom\u00e9s <strong>treballem amb els m\u00e9s  experts de la ind\u00fastria<\/strong>, assegurant serveis de consulta i emerg\u00e8ncia. Tant si requereix assessorament sobre un joc de panys electr\u00f2nics com una recomanaci\u00f3 per un pany de alta definici\u00f3, som el m\u00e9s destacable recurs a qu\u00e8 acudir. Si es queda a l&#8217;exterior de casa, respondrem el m\u00e9s r\u00e0pid possible la anomenada dels nostres clients.<span style=\"vertical-align: inherit;\"><span style=\"vertical-align: inherit;\"><\/span><\/span><\/p>\n<p>Un dels serveis  m\u00e9s comuns que ens arriben \u00e9s per al servei de tancament de habitatges. A vegades, un client ha deixat les claus dins la casa. Altres vegades les claus es perden, i no poden entrar a l&#8217;habitatge. En qualsevol cas, estem aqu\u00ed per assistir. Truqui&#8217;ns en qualsevol moment les 24 hores del dia, 7 dies a la setmana per a la seva urg\u00e8ncia de tancament. Sempre tenim a alg\u00fa de gu\u00e0rdia per ajudar a algun hora del dia o de la nit, els caps de setmana i els dies festius. Anem a arribar r\u00e0pidament, aix\u00ed que no ha preocupar.  Som un servei complet de panys. Aix\u00f2 suposa que en el moment en qu\u00e8 necessiti substituir els seus panys despr\u00e9s un robatori. <strong>Ens trobem accessibles 24\/7<\/strong> per reempla\u00e7ar els panys i contribuir a garantir la fiabilitat de casa contra  intrusions.<\/p>\n<p><span style=\"vertical-align: inherit;\"><span style=\"vertical-align: inherit;\"><div class=\"su-gmap su-u-responsive-media-yes\"><iframe width=\"800\" height=\"400\" src=\"\/\/maps.google.com\/maps?q=Barcelona%2C%20%20Lli%C3%A7%C3%A0%20de%20Vall&amp;output=embed\" title=\"La nostra zona de treball en Lli\u00e7\u00e0 de Vall\"><\/iframe><\/div><\/span><\/span><\/p>\n<p>Prestem serveis a tota la \u00e0rea de Lli\u00e7\u00e0 de Vall. Pot <strong>trucar a serrallers Lli\u00e7\u00e0 de Vall<\/strong> de dia o de nit i podem portar de tornada a casa. Els amos de negocis comercials o d&#8217;una llar en Lli\u00e7\u00e0 de Vall confien en els nostres serrallers a Lli\u00e7\u00e0 de Vall quan  necessiten resoldre dificultats de serralleria. <em>Oferim solucions r\u00e0pides, Fiables i assequibles<\/em>, independentment de la contrarietat de l&#8217;assumpte. Pot trucar a Serrallers Lli\u00e7\u00e0 de Vall per als seus tancaments de urg\u00e8ncia o reparaci\u00f3 de serralleria i estarem aqu\u00ed per  abans que es doni cuenta.Nuestros serrallers han estat entrenats intensament per fer serveis de serralleria sense causar danys al seu pany o a la seva porta. El nostre objectiu n\u00famero u en una situaci\u00f3 on hem fer un servei, \u00e9s confirmar-nos que els nostres usuaris i la seva propietat estiguin segurs mentre li ofereixen un servei el m\u00e9s velo\u00e7 viable. Els nostres serrallers Lli\u00e7\u00e0 de Vall tenen la experi\u00e8ncia i utilitats per crear claus per a la seva marca o model de pany o autom\u00f2bil. Aconsegueixi serveis r\u00e0pids i fiables en el moment en qu\u00e8 truqui a l&#8217;93.834.62.15. Si es queda fora del seu cotxe, sempre pot comptar amb el servei de serralleria de LLI\u00c7\u00c0 DE VALL Per vingui a salvar amb una soluci\u00f3 velo\u00e7. Sempre pot comunicar amb els nostres serrallers, els panys de seguretat s\u00f3n la nostra especialitat. En el moment en qu\u00e8 ens contactes, enviarem a un many\u00e0 m\u00e9s aviat possible.<\/p>\n<p>Oferim una \u00e0mplia gamma de opcions d&#8217;instal\u00b7laci\u00f3 de panys per la llar que es s&#8217;ajusten als seus requeriments de seguretat. Tenim panys i forrellats d&#8217;alta seguretat de els especials fabricants. Si vol mica m\u00e9s favorable que les claus, ens agrada disposar panys digitals. Tamb\u00e9 tenim la possibilitat de actualitzar les panys de seguretat amb les \u00faltimes configuracions de seguretat.<\/p>\n<p class=\"has-text-align-center\"><a class=\"btn-phone\" href=\"tel:938346215\" >Flama ja a el tel\u00e8fon 938346215<\/a><\/p>\n<h2>Serrallers barats Lli\u00e7\u00e0 de Vall<\/h2>\n<p>La nostra companyia de serralleria en Lli\u00e7\u00e0 de Vall li d\u00f3na un servei barat de serralleria totalment honest i la instal\u00b7laci\u00f3, reparaci\u00f3, reempla\u00e7ament i servei de tota mena de dispositius de tancament i la duplicaci\u00f3 de qualsevol tipus de clau. Ens trobem llicenciats, assegurats i amb viv\u00e8ncia en la prestaci\u00f3 de serveis de serralleria d&#8217;alta qualitat a usuaris. <strong>Serveis de serralleria barats a Lli\u00e7\u00e0 de Vall<\/strong>, amb la nostra combinaci\u00f3 de serveis professionals i costos econ\u00f2mics, elements que ens converteix a la millor opci\u00f3 a LLI\u00c7\u00c0 DE VALL per totes les seves necessitats de panys i claus de emerg\u00e8ncia. Recordeu, quan busqui serrallers barats a Lli\u00e7\u00e0 de Vall, residencials, automotrius i comercials fiables. Estem orgullosos de oferir els seg\u00fcents serveis de serralleria: Desbloqueig de urg\u00e8ncia de habitatges. modificar panys. canvi de panys . Instal\u00b7laci\u00f3 i reparaci\u00f3 de portes de seguretat, incloent sistemes de acc\u00e9s amb claus digitals . Pany de b\u00fastia i claus. Extracci\u00f3 de claus trencades i altres  serveis  m\u00e9s avan\u00e7ats.<\/p>\n<p>Si est\u00e0 buscant un aut\u00e8ntic many\u00e0 professional a Lli\u00e7\u00e0 de Vall, truqui&#8217;ns en aquest moment i vegi per qu\u00e8 tants clients i companyies confien en els nostres serveis i ens han suggerit durant m\u00e9s d&#8217;una d\u00e8cada. Un many\u00e0 d&#8217;Lli\u00e7\u00e0 de Vall a m\u00e9s pot assistir en cas que  seva pany estigui trencada o si la clau es trencar a pany. Els nostres professionals poden recompondre o b\u00e9 reempla\u00e7ar pany i procedir amb l&#8217;extracci\u00f3 de la clau trencada si \u00e9s necessari.<\/p>\n<p><img class=\"aligncenter\" src=\"https:\/\/barcelonacerrajeros.es\/wp-content\/uploads\/2020\/05\/cerrajeros-profesionales-24-horas-31.jpg\" alt=\"serrallers professionals Lli\u00e7\u00e0 de Vall 24 hores\" width=\"417\" height=\"24\" title=\"\"><\/p>\n<h2>Serrallers urgents en Lli\u00e7\u00e0 de Vall<\/h2>\n<p>Els serrallers que treballen per a la nostra empresa ofereixen serveis de serralleria de  emerg\u00e8ncia .Si requereixes de un many\u00e0 d&#8217;urg\u00e8ncia a prop de tu. Pots trobar a un many\u00e0 a Lli\u00e7\u00e0 de Vall que estigui m\u00e9s prop al teu habitatge i que estigui aprovat per el conveni de serrallers, si no pot entrar a seu habitatge, va perdre seves claus o b\u00e9 necessita que li reparin els panys de seu habitatge .Cerraduras trencades, claus perdudes i quedar-se tancat fora de casa s\u00f3n causes v\u00e0lides per dir que tens problemes. Truqui a la <strong>serralleria de emerg\u00e8ncia a Lli\u00e7\u00e0 de Vall<\/strong> per obtenir serveis de serralleria d&#8217;emerg\u00e8ncia. Brindem serveis de urg\u00e8ncia les 24 hores del dia sense c\u00e0rrecs per trucades. Tenim disponible a un many\u00e0 d&#8217;urg\u00e8ncia, un professional a reparacions de seguretat ajudar\u00e0 al seu fam\u00edlia a dormir segura, sabent que serrallers Lli\u00e7\u00e0 de Vall ha tornat a garantir la seguretat del seu llar.<\/p>\n<p><span style=\"vertical-align: inherit;\"><span style=\"vertical-align: inherit;\"><\/span><\/span><\/p>\n<h3>Serrallers en Lli\u00e7\u00e0 de Vall 24 hores<\/h3>\n<p>Els nostres clients estan satisfets de el servei de 24 hores que oferim, ara que reconeixem que les emerg\u00e8ncies de panys poden sorgir qualsevol ocasi\u00f3 del dia o de la nit i la gent mereixen seguretat sempre que resulti possible. Per aquesta ra\u00f3 nostres <strong>serrallers de Lli\u00e7\u00e0 de Vall estan en l&#8217;escena tan r\u00e0pid com sigui possible<\/strong>, capa\u00e7os de recompondre i reempla\u00e7ar panys, aix\u00ed com de oferir indicacions de seguretat per futures ocasions. Som considerats una empresa l\u00edder i cre\u00efble causa la nostra alta qualitat d&#8217;atenci\u00f3 amb els usuaris.<\/p>\n<p><img src=\"https:\/\/barcelonacerrajeros.es\/wp-content\/uploads\/2020\/05\/cerrajeros-expertos-en-servicios-de-cerrajeria-29.jpg\" alt=\"serrallers barats a Lli\u00e7\u00e0 de Vall\" title=\"\"><\/p>\n<p>Sabem el que es requereix per atorgar una resposta r\u00e0pida i una soluci\u00f3 de qualitat: perqu\u00e8 pugui tenir un pany completament funcional en breu. Qualsevol que sigui la seva necessitat de serralleria, el nostre equip estar\u00e0 encantat d&#8217;ajudar. Ara no necessita passar dies o nits tancat sense solucions, o simplement lluitant amb un pany encallada; <strong>Serrallers 24 hores a Lli\u00e7\u00e0 de Vall<\/strong> que est\u00e0 a m\u00e0 en el moment en qu\u00e8 es necessita i llest per lliurar serveis de alta qualitat a un ritme de resposta velo\u00e7.<\/p>\n<p>Els serrallers 24 hores que realitzen serveis per a la nostra empresa poden assistir amb totes les panys i nombrosos problemes, incloent els seg\u00fcents:<\/p>\n<ul>\n<li>Motors de persianes.<\/li>\n<li>Automatitzaci\u00f3 de portes.<\/li>\n<li>Manteniment en negocis i comunitats de propietaris.<\/li>\n<\/ul>\n<p>No et alteris, ara que podem arreglar-ho. Sigui com sigui el teu g\u00e8nere de pany, cap treball \u00e9s massa gran o petit i estem aqu\u00ed per ajudar. A part de les reparacions de panys, serrallers Lli\u00e7\u00e0 de Vall tamb\u00e9 treballa amb panys de diversos materials, com portes compostes, finestres, portes de estacionament i de metall.<\/p>\n<p><strong>Serrallers Lli\u00e7\u00e0 de Vall<\/strong> intentar\u00e0 sempre buscar una excel\u00b7lent relaci\u00f3 entre el preu i la qualitat tant dels articles instal\u00b7lats com de la m\u00e0 d&#8217;obra experta. S&#8217;estar\u00e0 preguntant quant val un many\u00e0 24 hores en Lli\u00e7\u00e0 de Vall. Doncs li contestarem que dep\u00e8n de l&#8217;exemple de actuaci\u00f3, de el grau de complicaci\u00f3, de l&#8217;lloc i de la classe de material que es requereixi per corregir el problema que li hagi sorgit. En qualsevol assumpte treballem per un preu just. La nostra meta \u00e9s servir-li de assist\u00e8ncia. <strong>Som serrallers barats de Lli\u00e7\u00e0 de Vall<\/strong> previsors. Tenim al nostre comer\u00e7 1 dip\u00f2sit de materials de primera categoria perqu\u00e8 el treball sigui velo\u00e7 i barat.<\/p>\n\n<div class=\"adsb30\" style=\" margin:12px; margin-left:0px; text-align:left\"><ul><li><a title=\"Serrallers Barcelona\" href=\"https:\/\/barcelonacerrajeros.es\/ca\">Barcelona<\/a><\/li>\r\n<li><a title=\"Serrallers Hospitalet de Llobregat\" href=\"https:\/\/barcelonacerrajeros.es\/hospitalet-de-llobregat\/\">Hospitalet de Llobregat<\/a><\/li><li><a title =\"Serraller Terrassa\" href =\"https:\/\/barcelonacerrajeros.es\/ca\/serrallers-terrassa\">Terrassa<\/a><\/li><li><a title =\"Serraller Badalona\" href = \"https:\/\/barcelonacerrajeros.es\/ca\/serrallers-badalona\/\">Badalona<\/a><\/li><li><a title=\"Serraller Sabadell\" href=\"https:\/\/barcelonacerrajeros.es\/ca\/serrallers-sabadell\">Sabadell<\/a><\/li ><li><a title=\"Serraller Matar\u00f3\" href=\"https:\/\/barcelonacerrajeros.es\/ca\/serrallers-mataro\">Matar\u00f3<\/a><\/li><\/ul><\/div>\n\n\n<div class=\"kk-star-ratings kksr-auto kksr-align-center kksr-valign-bottom kksr-disabled\"\n    data-payload='{&quot;align&quot;:&quot;center&quot;,&quot;id&quot;:&quot;3129&quot;,&quot;readonly&quot;:&quot;1&quot;,&quot;slug&quot;:&quot;default&quot;,&quot;valign&quot;:&quot;bottom&quot;,&quot;ignore&quot;:&quot;&quot;,&quot;reference&quot;:&quot;auto&quot;,&quot;class&quot;:&quot;&quot;,&quot;count&quot;:&quot;7&quot;,&quot;legendonly&quot;:&quot;&quot;,&quot;score&quot;:&quot;4.9&quot;,&quot;starsonly&quot;:&quot;&quot;,&quot;best&quot;:&quot;5&quot;,&quot;gap&quot;:&quot;4&quot;,&quot;greet&quot;:&quot;Vota este servicio&quot;,&quot;legend&quot;:&quot;4.9\\\/5 - (7 votes)&quot;,&quot;size&quot;:&quot;24&quot;,&quot;title&quot;:&quot;Serrallers Lli\u00e7\u00e0 de Vall&quot;,&quot;width&quot;:&quot;135.2&quot;,&quot;_legend&quot;:&quot;{score}\\\/{best} - ({count} {votes})&quot;,&quot;font_factor&quot;:&quot;1.25&quot;}'>\n            \n<div class=\"kksr-stars\">\n    \n<div class=\"kksr-stars-inactive\">\n            <div class=\"kksr-star\" data-star=\"1\" style=\"padding-right: 4px\">\n            \n\n<div class=\"kksr-icon\" style=\"width: 24px; height: 24px;\"><\/div>\n        <\/div>\n            <div class=\"kksr-star\" data-star=\"2\" style=\"padding-right: 4px\">\n            \n\n<div class=\"kksr-icon\" style=\"width: 24px; height: 24px;\"><\/div>\n        <\/div>\n            <div class=\"kksr-star\" data-star=\"3\" style=\"padding-right: 4px\">\n            \n\n<div class=\"kksr-icon\" style=\"width: 24px; height: 24px;\"><\/div>\n        <\/div>\n            <div class=\"kksr-star\" data-star=\"4\" style=\"padding-right: 4px\">\n            \n\n<div class=\"kksr-icon\" style=\"width: 24px; height: 24px;\"><\/div>\n        <\/div>\n            <div class=\"kksr-star\" data-star=\"5\" style=\"padding-right: 4px\">\n            \n\n<div class=\"kksr-icon\" style=\"width: 24px; height: 24px;\"><\/div>\n        <\/div>\n    <\/div>\n    \n<div class=\"kksr-stars-active\" style=\"width: 135.2px;\">\n            <div class=\"kksr-star\" style=\"padding-right: 4px\">\n            \n\n<div class=\"kksr-icon\" style=\"width: 24px; height: 24px;\"><\/div>\n        <\/div>\n            <div class=\"kksr-star\" style=\"padding-right: 4px\">\n            \n\n<div class=\"kksr-icon\" style=\"width: 24px; height: 24px;\"><\/div>\n        <\/div>\n            <div class=\"kksr-star\" style=\"padding-right: 4px\">\n            \n\n<div class=\"kksr-icon\" style=\"width: 24px; height: 24px;\"><\/div>\n        <\/div>\n            <div class=\"kksr-star\" style=\"padding-right: 4px\">\n            \n\n<div class=\"kksr-icon\" style=\"width: 24px; height: 24px;\"><\/div>\n        <\/div>\n            <div class=\"kksr-star\" style=\"padding-right: 4px\">\n            \n\n<div class=\"kksr-icon\" style=\"width: 24px; height: 24px;\"><\/div>\n        <\/div>\n    <\/div>\n<\/div>\n                \n\n<div class=\"kksr-legend\" style=\"font-size: 19.2px;\">\n            4.9\/5 - (7 votes)    <\/div>\n    <\/div>\n","protected":false},"excerpt":{"rendered":"<p>Els serrallers a Lli\u00e7\u00e0 de Vall s\u00f3n experts en els diferents temes de serralleria que la gent que viu a Lli\u00e7\u00e0 de Vall poden experimentar, sense diferenciar \u200b\u200bsigui en el sector residencial o l&#8217; comercial . A m\u00e9s, cobrim una \u00e0mplia gamma de serveis de serralleria introduint reempla\u00e7ament de panys, instal\u00b7laci\u00f3 i reparaci\u00f3 de panys , canvi de claus, i molts m\u00e9s. El nostre equip de serrallers s\u00f3n els m\u00e9s qualificats en els serveis que ofereixen i de forma simult\u00e0nia professionals educats amb els clients. Aix\u00f2 li garanteix que tenim la possibilitat de agradar i solucionar els problemes de seguretat <\/p>\n","protected":false},"author":1,"featured_media":0,"parent":0,"menu_order":0,"comment_status":"closed","ping_status":"closed","template":"","meta":{"footnotes":""},"class_list":["post-3129","page","type-page","status-publish","hentry"],"_links":{"self":[{"href":"https:\/\/barcelonacerrajeros.es\/ca\/wp-json\/wp\/v2\/pages\/3129","targetHints":{"allow":["GET"]}}],"collection":[{"href":"https:\/\/barcelonacerrajeros.es\/ca\/wp-json\/wp\/v2\/pages"}],"about":[{"href":"https:\/\/barcelonacerrajeros.es\/ca\/wp-json\/wp\/v2\/types\/page"}],"author":[{"embeddable":true,"href":"https:\/\/barcelonacerrajeros.es\/ca\/wp-json\/wp\/v2\/users\/1"}],"replies":[{"embeddable":true,"href":"https:\/\/barcelonacerrajeros.es\/ca\/wp-json\/wp\/v2\/comments?post=3129"}],"version-history":[{"count":3,"href":"https:\/\/barcelonacerrajeros.es\/ca\/wp-json\/wp\/v2\/pages\/3129\/revisions"}],"predecessor-version":[{"id":3449,"href":"https:\/\/barcelonacerrajeros.es\/ca\/wp-json\/wp\/v2\/pages\/3129\/revisions\/3449"}],"wp:attachment":[{"href":"https:\/\/barcelonacerrajeros.es\/ca\/wp-json\/wp\/v2\/media?parent=3129"}],"curies":[{"name":"wp","href":"https:\/\/api.w.org\/{rel}","templated":true}]}}